{"id":1711,"date":"2022-09-15T10:11:00","date_gmt":"2022-09-15T08:11:00","guid":{"rendered":"https:\/\/martinezlacuesta.com\/winery\/"},"modified":"2023-01-12T13:48:47","modified_gmt":"2023-01-12T12:48:47","slug":"winery","status":"publish","type":"page","link":"https:\/\/martinezlacuesta.com\/en\/the-winery\/winery\/","title":{"rendered":"Winery"},"content":{"rendered":"\n<h2>\n\t\tWinery\n\t<\/h2>\n\t\t<h2>\n\t\t\tMart\u00ednez Lacuesta\n\t\t\t\t\t\t\t\t\t\t\tFrom the 19th to the 21st century\n\t\t<\/h2>\n\t\t\t<p>More than simply a building, a winery represents a journey through the past, the history of the wines and the brands that have been produced there. The point that we have arrived at, all that we see today, isn&#8217;t only an insight into current techniques but rather evidence of the path we have taken to get here. A path that represents evolution.<\/p>\t\t\n\t\t<h2>\n\t\t\tFrom <i>Calle <br \/>De La Vega<\/i> to <br \/><i>La Ventilla<\/i>\n\t\t\t\t\t\t\t\t\t\t\tThe first French influence\n\t\t<\/h2>\n\t\t\t<blockquote><p>The French influence can be seen in the first wines produced by the winery in Calle de la Vega. In the style of the intensely coloured, &#8220;open&#8221; wines from France such as its Clarets, Mart\u00ednez Lacuesta produced its Clarete Selecto (generally a young wine from that year&#8217;s harvest) and its Claretes Finos, which had spent two, three and four years in the barrel. These were preludes to the current Crianzas and Reservas were sold in either casks or bottles which, from the third year onward featured hand-crafted wire mesh.<\/p><\/blockquote>Other wines &#8220;in the French style&#8221; were produced, such as the Superior Estilo Borgo\u00f1a and the semi-sweet Sauternes. Nevertheless, Riojas in general and the Mart\u00ednez Lacuesta family in particular, were realising that the personality of the region&#8217;s wines should forge a different path.\t\t\n\t\t\t\t<img loading=\"lazy\" decoding=\"async\" src=\"https:\/\/martinezlacuesta.com\/wp-content\/uploads\/historia-img-venta_calle_ventilla-bodegas_martinez_lacuesta.jpg\" alt=\"Antigua Bodega de Mart\u00ednez Lacuesta ubicada en la calle La Ventilla n\u00famero 71 de Haro.\" itemprop=\"image\" height=\"850\" width=\"1024\" title=\"historia-img-venta_calle_ventilla-bodegas_martinez_lacuesta\" onerror=\"this.style.display='none'\"  \/>\n\t\t\n\t\t\t<strong>Bodegas Mart\u00ednez Lacuesta<\/strong> <br \/><i>Installations on La Ventilla street.<\/i>\n\t\t\t\t\t\t\t\t\t\t\tFrom Select and Fine Clarets <br \/>to <i>Superior Wine <br \/>Burgundy Style<\/i>\n\t\t\n\t\t\t<p>BORDEAUX LOOKS AT RIOJA<\/p>\t\t\n\t\t<h2>\n\t\t\tCampeador\n\t\t\t\t\t\t\t\t\t\t\tThe first sign of a Rioja identity\n\t\t<\/h2>\n\t\t\t<blockquote><p>The Mart\u00ednez Lacuesta family began to realise the full value of the La Rioja vineyards. New techniques in both the field and the winery highlighted the fact that the new Riojas had begun to stand out on their own merits.<\/p><\/blockquote>Campeador was the first Mart\u00ednez Lacuesta wine with a distinctive name that differed from that of the family. Initially it came from a m\u00e9thode champenoise wine from 1917, although four years later Mart\u00ednez Lacuesta began to sell wines that were showing a markedly different character, exclusive to Haro and the surrounding area, under the Campeador brand name. Moving away from the French influence, there began a search to define a singularly Rioja identity.That first Campeador was produced from a coupage of Tempranillo with Garnacha from the Rioja Baja region. Consequently, wines began to be marketed that had their own distinct character. Pure Rioja.\t\t\n\t\t\t\t<img loading=\"lazy\" decoding=\"async\" src=\"https:\/\/martinezlacuesta.com\/wp-content\/uploads\/historia-img-campeador_botellas_antiguas-bodegas_martinez_lacuesta.png\" alt=\"Campeador, uno de los buques insignias de Bodegas Mart\u00ednez Lacuesta\" itemprop=\"image\" height=\"800\" width=\"378\" title=\"historia-img-campeador_botellas_antiguas-bodegas_martinez_lacuesta\" onerror=\"this.style.display='none'\"  \/>\n\t\t\t\t<img loading=\"lazy\" decoding=\"async\" src=\"https:\/\/martinezlacuesta.com\/wp-content\/uploads\/historia-img-trasiega_manual-bodegas_martinez_lacuesta.jpg\" alt=\"Imagen hist\u00f3rica del trasiego que realizaban en la bodega\" itemprop=\"image\" height=\"706\" width=\"1024\" title=\"historia-img-trasiega_manual-bodegas_martinez_lacuesta\" onerror=\"this.style.display='none'\"  \/>\n\t\t\n\t\t\t<strong>Manual decanting<\/strong> <br \/><i>Demonstration for a group of students from the Oenological Station.<\/i>\n\t\t\t\t\t\t\t\t\t\t\tGravity and decanting <br \/>allow <i>drawing off the wine <br \/>without movements.<\/i>\n\t\t\n\t\t\t<p>INNOVATION AT THE BEGINNING OF THE 20TH CENTURY<\/p>\t\t\n\t\t<h2>\n\t\t\tTraditional technique\n\t\t\t\t\t\t\t\t\t\t\tManual decanting\n\t\t<\/h2>\n\t\t\t<blockquote><p>The winery&#8217;s founders were always concerned with improving traditional techniques, including those that had been &#8220;inherited&#8221; from France, making it necessary to adapt them to the particular nature of La Rioja&#8217;s vines.<\/p><\/blockquote>The proximity of the Haro Oenological Station meant that it was possible to improve vineyard conditions and prevent diseases, subsequently adapting winery processes to the special characteristics of the local grape varieties. Inside Bodegas Mart\u00ednez Lacuesta, wine makers experimented with the use of egg white to clarify the wine (a new technique at the time, which today has been replaced by plant-based clarifying agents). The most significant development was opting for a system of gravity decanting by hand that is still used today.\t\t\n\t\t<h2>\n\t\t\tVermouth\n\t\t\t\t\t\t\t\t\t\t\tPioneers\n\t\t<\/h2>\n\t\t\t<blockquote><p>The year is 1937. The drinking of this delicious aperitif has become increasingly commonplace. Mart\u00ednez Lacuesta began producing vermouths using a technique that was seen as ground-breaking in La Rioja.<\/p><\/blockquote>However, despite the popularity that Vermut Lacuesta has enjoyed since it was first produced, the restlessness experienced by foregoing generations returned, with its habitual pioneering spirit coming to the fore once again in 2005. Mart\u00ednez Lacuesta produced its first Vermut Reserva, a new take on a classic tradition. Nevertheless, this was not the end of the story. Traditional oak casks were joined by new acacia barrels, accompanied by a longer ageing processes. Once more, the signs of an evolution toward a new identity were becoming evident of time.\t\t\n\t\t\t\t<img loading=\"lazy\" decoding=\"async\" src=\"https:\/\/martinezlacuesta.com\/wp-content\/uploads\/2022\/09\/img-BODEGA-Laokin-Bocetos-bodegas_martinez_lacuesta.jpg\" alt=\"Etiquetas antiguas de vermut Mart\u00f1inez Lacuesta\" itemprop=\"image\" height=\"449\" width=\"620\" title=\"img-BODEGA-Laokin-Bocetos-bodegas_martinez_lacuesta\" onerror=\"this.style.display='none'\"  \/>\n\t<b>Laokin<\/b><br \/>\n<em>Sketches by the famous illustrator Laokin from 1937 for labels adorning bottles of red vermouth.<\/em>\n\t\t\t\t<img loading=\"lazy\" decoding=\"async\" src=\"https:\/\/martinezlacuesta.com\/wp-content\/uploads\/historia-img-metodo_infinito-bodegas_martinez_lacuesta.jpg\" alt=\"M\u00e9todos tradicionales que han llegado hasta nuestros d\u00edas\" itemprop=\"image\" height=\"492\" width=\"461\" title=\"historia-img-metodo_infinito-bodegas_martinez_lacuesta\" onerror=\"this.style.display='none'\"  \/>\n\t<strong>Manual decanting<\/strong><br \/>\n<em>Manual decanting as practiced in the 1970s.<\/em>\n\t\t<h2>\n\t\t\tThe <i>infinite<\/i> method\n\t\t\t\t\t\t\t\t\t\t\tAn evolutionary path\n\t\t<\/h2>\n\t\t\t<blockquote><p>Times change, and wines and people change with them. Claretes Finos and Estilo Superior Borgo\u00f1a gave way to wines that were much more structured that had aged for considerably longer. Rioja wines were ready to take the leap forward toward a new level of quality.<\/p><\/blockquote>Tastes and traditions were maintained for most of the 20th century. With the changing times, consumer tastes and market trends also shifted. The preference for well-rounded and balanced wines remained, while fruitier tones became more common, even after long ageing periods in casks. Consumers sought out new sensations without wanting to turn their backs on those traditional wines that had become classics over time. The Mart\u00ednez Lacuesta family had plenty to say with regard to this new chapter to the story.\t\t\n\t\t<h2>\n\t\t\tThe <i>current<\/i> winery\n\t\t\t\t\t\t\t\t\t\t\tThe birthplace of great wines\n\t\t<\/h2>\n\t\t\n\t\t\t\t\t\t\t\t\t\t\tModern, functional facilities <i>designed to respect our origins <\/i>\n\t\t\n\t\t\t<p>TECHNOLOGY FOR TRADITION<\/p>\t\t\n\t\t\t<blockquote><p>Mart\u00ednez Lacuesta&#8217;s new facilities are an excellent example of the combination of technology, space and effectiveness. Current production levels require spaces that can be adapted to new needs, without forgetting the path that has led us here.<\/p><\/blockquote>With this in mind, the winery is designed to maintain the techniques that ensure the singular character of our wines while also accommodating the latest developments. Manual decanting required a gravity-based winery. Our technique of stacking wine casks five barrels high makes spectacular ageing room necessary, while our most emblematic vintages have to be stored in racks that our worthy of their status. All this without ignoring our origins, the path we have taken, our history and our evolution which are on display to visitors in our small museum.\t\t\n\n","protected":false},"excerpt":{"rendered":"<p>Winery Mart\u00ednez Lacuesta From the 19th to the 21st century More than simply a building, a winery represents a journey through the past, the history of the wines and the brands that have been produced there. The point that we have arrived at, all that we see today, isn&#8217;t only an insight into current techniques&hellip;<\/p>\n","protected":false},"author":1,"featured_media":0,"parent":1734,"menu_order":0,"comment_status":"closed","ping_status":"closed","template":"","meta":{"_acf_changed":false,"footnotes":""},"class_list":["post-1711","page","type-page","status-publish","hentry"],"acf":[],"yoast_head":"<!-- This site is optimized with the Yoast SEO plugin v27.4 - https:\/\/yoast.com\/product\/yoast-seo-wordpress\/ -->\n<title>Learn more about Bodegas Mart\u00ednez Lacuesta<\/title>\n<meta name=\"description\" content=\"We show you the evolution of Mart\u00ednez Lacuesta Winery in Haro untill the present day.\" \/>\n<meta name=\"robots\" content=\"index, follow, max-snippet:-1, max-image-preview:large, max-video-preview:-1\" \/>\n<link rel=\"canonical\" href=\"https:\/\/martinezlacuesta.com\/en\/the-winery\/winery\/\" \/>\n<meta property=\"og:locale\" content=\"en_US\" \/>\n<meta property=\"og:type\" content=\"article\" \/>\n<meta property=\"og:title\" content=\"Learn more about Bodegas Mart\u00ednez Lacuesta\" \/>\n<meta property=\"og:description\" content=\"We show you the evolution of Mart\u00ednez Lacuesta Winery in Haro untill the present day.\" \/>\n<meta property=\"og:url\" content=\"https:\/\/martinezlacuesta.com\/en\/the-winery\/winery\/\" \/>\n<meta property=\"og:site_name\" content=\"Bodegas Mart\u00ednez Lacuesta\" \/>\n<meta property=\"article:publisher\" content=\"https:\/\/www.facebook.com\/MartinezLacuesta\" \/>\n<meta property=\"article:modified_time\" content=\"2023-01-12T12:48:47+00:00\" \/>\n<meta property=\"og:image\" content=\"https:\/\/martinezlacuesta.com\/wp-content\/uploads\/historia-hero-sala_barricas-bodegas_martinez_lacuesta-1024x683.jpg\" \/>\n<meta name=\"twitter:card\" content=\"summary_large_image\" \/>\n<meta name=\"twitter:title\" content=\"Learn more about Bodegas Mart\u00ednez Lacuesta\" \/>\n<meta name=\"twitter:description\" content=\"We show you the evolution of Mart\u00ednez Lacuesta Winery in Haro untill the present day.\" \/>\n<meta name=\"twitter:image\" content=\"https:\/\/martinezlacuesta.com\/wp-content\/uploads\/historia-hero-sala_barricas-bodegas_martinez_lacuesta-1024x683.jpg\" \/>\n<meta name=\"twitter:site\" content=\"@BodegaLacuesta\" \/>\n<meta name=\"twitter:label1\" content=\"Est. reading time\" \/>\n\t<meta name=\"twitter:data1\" content=\"5 minutes\" \/>\n<script type=\"application\/ld+json\" class=\"yoast-schema-graph\">{\"@context\":\"https:\\\/\\\/schema.org\",\"@graph\":[{\"@type\":\"WebPage\",\"@id\":\"https:\\\/\\\/martinezlacuesta.com\\\/en\\\/the-winery\\\/winery\\\/\",\"url\":\"https:\\\/\\\/martinezlacuesta.com\\\/en\\\/the-winery\\\/winery\\\/\",\"name\":\"Learn more about Bodegas Mart\u00ednez Lacuesta\",\"isPartOf\":{\"@id\":\"https:\\\/\\\/martinezlacuesta.com\\\/en\\\/#website\"},\"primaryImageOfPage\":{\"@id\":\"https:\\\/\\\/martinezlacuesta.com\\\/en\\\/the-winery\\\/winery\\\/#primaryimage\"},\"image\":{\"@id\":\"https:\\\/\\\/martinezlacuesta.com\\\/en\\\/the-winery\\\/winery\\\/#primaryimage\"},\"thumbnailUrl\":\"https:\\\/\\\/martinezlacuesta.com\\\/wp-content\\\/uploads\\\/historia-img-venta_calle_ventilla-bodegas_martinez_lacuesta.jpg\",\"datePublished\":\"2022-09-15T08:11:00+00:00\",\"dateModified\":\"2023-01-12T12:48:47+00:00\",\"description\":\"We show you the evolution of Mart\u00ednez Lacuesta Winery in Haro untill the present day.\",\"breadcrumb\":{\"@id\":\"https:\\\/\\\/martinezlacuesta.com\\\/en\\\/the-winery\\\/winery\\\/#breadcrumb\"},\"inLanguage\":\"en-US\",\"potentialAction\":[{\"@type\":\"ReadAction\",\"target\":[\"https:\\\/\\\/martinezlacuesta.com\\\/en\\\/the-winery\\\/winery\\\/\"]}]},{\"@type\":\"ImageObject\",\"inLanguage\":\"en-US\",\"@id\":\"https:\\\/\\\/martinezlacuesta.com\\\/en\\\/the-winery\\\/winery\\\/#primaryimage\",\"url\":\"https:\\\/\\\/martinezlacuesta.com\\\/wp-content\\\/uploads\\\/historia-img-venta_calle_ventilla-bodegas_martinez_lacuesta.jpg\",\"contentUrl\":\"https:\\\/\\\/martinezlacuesta.com\\\/wp-content\\\/uploads\\\/historia-img-venta_calle_ventilla-bodegas_martinez_lacuesta.jpg\"},{\"@type\":\"BreadcrumbList\",\"@id\":\"https:\\\/\\\/martinezlacuesta.com\\\/en\\\/the-winery\\\/winery\\\/#breadcrumb\",\"itemListElement\":[{\"@type\":\"ListItem\",\"position\":1,\"name\":\"Portada\",\"item\":\"https:\\\/\\\/martinezlacuesta.com\\\/en\\\/\"},{\"@type\":\"ListItem\",\"position\":2,\"name\":\"The Winery\",\"item\":\"https:\\\/\\\/martinezlacuesta.com\\\/en\\\/la-bodega\\\/\"},{\"@type\":\"ListItem\",\"position\":3,\"name\":\"Winery\"}]},{\"@type\":\"WebSite\",\"@id\":\"https:\\\/\\\/martinezlacuesta.com\\\/en\\\/#website\",\"url\":\"https:\\\/\\\/martinezlacuesta.com\\\/en\\\/\",\"name\":\"https:\\\/\\\/martinezlacuesta.com\\\/\",\"description\":\"Descubre Bodegas Martinez Lacuesta en Haro, una de las Bodegas Centenarias de La Rioja.\",\"publisher\":{\"@id\":\"https:\\\/\\\/martinezlacuesta.com\\\/en\\\/#organization\"},\"potentialAction\":[{\"@type\":\"SearchAction\",\"target\":{\"@type\":\"EntryPoint\",\"urlTemplate\":\"https:\\\/\\\/martinezlacuesta.com\\\/en\\\/?s={search_term_string}\"},\"query-input\":{\"@type\":\"PropertyValueSpecification\",\"valueRequired\":true,\"valueName\":\"search_term_string\"}}],\"inLanguage\":\"en-US\"},{\"@type\":\"Organization\",\"@id\":\"https:\\\/\\\/martinezlacuesta.com\\\/en\\\/#organization\",\"name\":\"Bodegas Mart\u00ednez Lacuesta\",\"url\":\"https:\\\/\\\/martinezlacuesta.com\\\/en\\\/\",\"logo\":{\"@type\":\"ImageObject\",\"inLanguage\":\"en-US\",\"@id\":\"https:\\\/\\\/martinezlacuesta.com\\\/en\\\/#\\\/schema\\\/logo\\\/image\\\/\",\"url\":\"https:\\\/\\\/martinezlacuesta.com\\\/wp-content\\\/uploads\\\/logo-escudo_Martinez_Lacuesta-color-martinezlacuesta.png\",\"contentUrl\":\"https:\\\/\\\/martinezlacuesta.com\\\/wp-content\\\/uploads\\\/logo-escudo_Martinez_Lacuesta-color-martinezlacuesta.png\",\"width\":315,\"height\":149,\"caption\":\"Bodegas Mart\u00ednez Lacuesta\"},\"image\":{\"@id\":\"https:\\\/\\\/martinezlacuesta.com\\\/en\\\/#\\\/schema\\\/logo\\\/image\\\/\"},\"sameAs\":[\"https:\\\/\\\/www.facebook.com\\\/MartinezLacuesta\",\"https:\\\/\\\/x.com\\\/BodegaLacuesta\",\"https:\\\/\\\/www.instagram.com\\\/bodegasmartinezlacuesta\\\/\",\"https:\\\/\\\/www.youtube.com\\\/@bodegasmartinezlacuesta6819\\\/videos\",\"https:\\\/\\\/www.linkedin.com\\\/company\\\/bodegas-martnez-lacuesta-s.a.\\\/\"]}]}<\/script>\n<!-- \/ Yoast SEO plugin. -->","yoast_head_json":{"title":"Learn more about Bodegas Mart\u00ednez Lacuesta","description":"We show you the evolution of Mart\u00ednez Lacuesta Winery in Haro untill the present day.","robots":{"index":"index","follow":"follow","max-snippet":"max-snippet:-1","max-image-preview":"max-image-preview:large","max-video-preview":"max-video-preview:-1"},"canonical":"https:\/\/martinezlacuesta.com\/en\/the-winery\/winery\/","og_locale":"en_US","og_type":"article","og_title":"Learn more about Bodegas Mart\u00ednez Lacuesta","og_description":"We show you the evolution of Mart\u00ednez Lacuesta Winery in Haro untill the present day.","og_url":"https:\/\/martinezlacuesta.com\/en\/the-winery\/winery\/","og_site_name":"Bodegas Mart\u00ednez Lacuesta","article_publisher":"https:\/\/www.facebook.com\/MartinezLacuesta","article_modified_time":"2023-01-12T12:48:47+00:00","og_image":[{"url":"https:\/\/martinezlacuesta.com\/wp-content\/uploads\/historia-hero-sala_barricas-bodegas_martinez_lacuesta-1024x683.jpg","type":"","width":"","height":""}],"twitter_card":"summary_large_image","twitter_title":"Learn more about Bodegas Mart\u00ednez Lacuesta","twitter_description":"We show you the evolution of Mart\u00ednez Lacuesta Winery in Haro untill the present day.","twitter_image":"https:\/\/martinezlacuesta.com\/wp-content\/uploads\/historia-hero-sala_barricas-bodegas_martinez_lacuesta-1024x683.jpg","twitter_site":"@BodegaLacuesta","twitter_misc":{"Est. reading time":"5 minutes"},"schema":{"@context":"https:\/\/schema.org","@graph":[{"@type":"WebPage","@id":"https:\/\/martinezlacuesta.com\/en\/the-winery\/winery\/","url":"https:\/\/martinezlacuesta.com\/en\/the-winery\/winery\/","name":"Learn more about Bodegas Mart\u00ednez Lacuesta","isPartOf":{"@id":"https:\/\/martinezlacuesta.com\/en\/#website"},"primaryImageOfPage":{"@id":"https:\/\/martinezlacuesta.com\/en\/the-winery\/winery\/#primaryimage"},"image":{"@id":"https:\/\/martinezlacuesta.com\/en\/the-winery\/winery\/#primaryimage"},"thumbnailUrl":"https:\/\/martinezlacuesta.com\/wp-content\/uploads\/historia-img-venta_calle_ventilla-bodegas_martinez_lacuesta.jpg","datePublished":"2022-09-15T08:11:00+00:00","dateModified":"2023-01-12T12:48:47+00:00","description":"We show you the evolution of Mart\u00ednez Lacuesta Winery in Haro untill the present day.","breadcrumb":{"@id":"https:\/\/martinezlacuesta.com\/en\/the-winery\/winery\/#breadcrumb"},"inLanguage":"en-US","potentialAction":[{"@type":"ReadAction","target":["https:\/\/martinezlacuesta.com\/en\/the-winery\/winery\/"]}]},{"@type":"ImageObject","inLanguage":"en-US","@id":"https:\/\/martinezlacuesta.com\/en\/the-winery\/winery\/#primaryimage","url":"https:\/\/martinezlacuesta.com\/wp-content\/uploads\/historia-img-venta_calle_ventilla-bodegas_martinez_lacuesta.jpg","contentUrl":"https:\/\/martinezlacuesta.com\/wp-content\/uploads\/historia-img-venta_calle_ventilla-bodegas_martinez_lacuesta.jpg"},{"@type":"BreadcrumbList","@id":"https:\/\/martinezlacuesta.com\/en\/the-winery\/winery\/#breadcrumb","itemListElement":[{"@type":"ListItem","position":1,"name":"Portada","item":"https:\/\/martinezlacuesta.com\/en\/"},{"@type":"ListItem","position":2,"name":"The Winery","item":"https:\/\/martinezlacuesta.com\/en\/la-bodega\/"},{"@type":"ListItem","position":3,"name":"Winery"}]},{"@type":"WebSite","@id":"https:\/\/martinezlacuesta.com\/en\/#website","url":"https:\/\/martinezlacuesta.com\/en\/","name":"https:\/\/martinezlacuesta.com\/","description":"Descubre Bodegas Martinez Lacuesta en Haro, una de las Bodegas Centenarias de La Rioja.","publisher":{"@id":"https:\/\/martinezlacuesta.com\/en\/#organization"},"potentialAction":[{"@type":"SearchAction","target":{"@type":"EntryPoint","urlTemplate":"https:\/\/martinezlacuesta.com\/en\/?s={search_term_string}"},"query-input":{"@type":"PropertyValueSpecification","valueRequired":true,"valueName":"search_term_string"}}],"inLanguage":"en-US"},{"@type":"Organization","@id":"https:\/\/martinezlacuesta.com\/en\/#organization","name":"Bodegas Mart\u00ednez Lacuesta","url":"https:\/\/martinezlacuesta.com\/en\/","logo":{"@type":"ImageObject","inLanguage":"en-US","@id":"https:\/\/martinezlacuesta.com\/en\/#\/schema\/logo\/image\/","url":"https:\/\/martinezlacuesta.com\/wp-content\/uploads\/logo-escudo_Martinez_Lacuesta-color-martinezlacuesta.png","contentUrl":"https:\/\/martinezlacuesta.com\/wp-content\/uploads\/logo-escudo_Martinez_Lacuesta-color-martinezlacuesta.png","width":315,"height":149,"caption":"Bodegas Mart\u00ednez Lacuesta"},"image":{"@id":"https:\/\/martinezlacuesta.com\/en\/#\/schema\/logo\/image\/"},"sameAs":["https:\/\/www.facebook.com\/MartinezLacuesta","https:\/\/x.com\/BodegaLacuesta","https:\/\/www.instagram.com\/bodegasmartinezlacuesta\/","https:\/\/www.youtube.com\/@bodegasmartinezlacuesta6819\/videos","https:\/\/www.linkedin.com\/company\/bodegas-martnez-lacuesta-s.a.\/"]}]}},"_links":{"self":[{"href":"https:\/\/martinezlacuesta.com\/en\/wp-json\/wp\/v2\/pages\/1711","targetHints":{"allow":["GET"]}}],"collection":[{"href":"https:\/\/martinezlacuesta.com\/en\/wp-json\/wp\/v2\/pages"}],"about":[{"href":"https:\/\/martinezlacuesta.com\/en\/wp-json\/wp\/v2\/types\/page"}],"author":[{"embeddable":true,"href":"https:\/\/martinezlacuesta.com\/en\/wp-json\/wp\/v2\/users\/1"}],"replies":[{"embeddable":true,"href":"https:\/\/martinezlacuesta.com\/en\/wp-json\/wp\/v2\/comments?post=1711"}],"version-history":[{"count":0,"href":"https:\/\/martinezlacuesta.com\/en\/wp-json\/wp\/v2\/pages\/1711\/revisions"}],"up":[{"embeddable":true,"href":"https:\/\/martinezlacuesta.com\/en\/wp-json\/wp\/v2\/pages\/1734"}],"wp:attachment":[{"href":"https:\/\/martinezlacuesta.com\/en\/wp-json\/wp\/v2\/media?parent=1711"}],"curies":[{"name":"wp","href":"https:\/\/api.w.org\/{rel}","templated":true}]}}