{"id":1714,"date":"2022-10-24T18:04:37","date_gmt":"2022-10-24T16:04:37","guid":{"rendered":"https:\/\/martinezlacuesta.com\/wines\/"},"modified":"2025-11-25T14:15:16","modified_gmt":"2025-11-25T13:15:16","slug":"wines","status":"publish","type":"page","link":"https:\/\/martinezlacuesta.com\/en\/wines\/","title":{"rendered":"Wines"},"content":{"rendered":"\n<h2  data-animation-delay=\"1\" data-animation-duration=\"2\">\n\t\t\tWines\t<\/h2>\n\t\t\t\t<img decoding=\"async\" src=\"https:\/\/martinezlacuesta.com\/wp-content\/uploads\/2022\/09\/logo-nlack-fondo-martinezlacuesta.png\" alt=\"logo-nlack-fondo-martinezlacuesta\" itemprop=\"image\" height=\"83\" width=\"459\" title=\"logo-nlack-fondo-martinezlacuesta\" onerror=\"this.style.display='none'\" loading=\"lazy\" \/>\n\t\t<h2>\n\t\t\tOrigin Haro\n\t\t\t\t\t\t\t\t\t\t\tMart\u00ednez Lacuesta\u00b4s Wines\n\t\t<\/h2>\n\t<p>Bodegas Mart\u00ednez Lacuesta represents the essence of all that it and its Haro vineyards mean to Rioja wines. Haro is at the very heart of the Rioja region, the place where we the story of its wines began to be written. With its vineyards stretching a radius of barely 20 kilometres from the city, with a wine-making culture that is sensitive to the environment and respectful in terms of traditional knowledge, nature can express all that it has experienced over the past hundred years through our wines.<\/p>\n\t<p>They also transmit this age-old philosophy which nevertheless is one that is in constant evolution. In its production we maintain both the techniques we have inherited from our forebears and the new processes that are more in tune with current tastes. These are therefore wines that embrace you with their subtle yet lively grace that never lose their balance. Although young, these are nonetheless wines that transmit their wisdom, robust yet delicate, full of character but still amiable.<\/p>\n<h2>\n\t\t\tCampeador\t<\/h2>\n\t<p>The eternal charm of subtlety. These are wines that embrace you, conquering you from the first contact. Wines with the power to seduce. It is no surprise to learn that Haro was the home of a m\u00e9thode champenoise wine, although it soon became clear that the warmth of its origins would be better suited to more full-bodied yet nonetheless delicate wines. Love at first sight.<\/p>\n\t\t\t<ul>\n\t\t\t\t<li id=\"woopack-product-1787\"  data-product-id=\"1787\">\n    <a href=\"https:\/\/martinezlacuesta.com\/en\/shop\/campeador-family\/campeador-reserva\/\" rel=\"bookmark\" title=\"Acceda a Campeador Reserva\">\n                <img width=\"477\" height=\"1100\" src=\"https:\/\/martinezlacuesta.com\/wp-content\/uploads\/campeador_reserva_new.png\" alt=\"Botella de vino tinto Campeador Reserva 2015 de Bodegas Mart\u00ednez Lacuesta\" itemprop=\"image\" decoding=\"async\" loading=\"lazy\" srcset=\"https:\/\/martinezlacuesta.com\/wp-content\/uploads\/campeador_reserva_new.png 477w, https:\/\/martinezlacuesta.com\/wp-content\/uploads\/campeador_reserva_new-130x300.png 130w, https:\/\/martinezlacuesta.com\/wp-content\/uploads\/campeador_reserva_new-444x1024.png 444w\" sizes=\"auto, (max-width: 477px) 100vw, 477px\" \/>\n    <\/a>\n    <h3>\n        Reserva\n    <\/h3>\n        <a href='https:\/\/martinezlacuesta.com\/en\/shop\/campeador-family\/campeador-reserva\/' title='VIEW PRODUCT'>VIEW PRODUCT<\/a>\n<\/li><li id=\"woopack-product-5963\"  data-product-id=\"5963\">\n    <a href=\"https:\/\/martinezlacuesta.com\/en\/shop\/campeador-family\/campeador-garnacha\/\" rel=\"bookmark\" title=\"Acceda a Campeador Garnacha\">\n                <img width=\"477\" height=\"1100\" src=\"https:\/\/martinezlacuesta.com\/wp-content\/uploads\/Campeador_Garnacha-1.png\" alt=\"Vino Campeador Garnacha de Bodegas Mart\u00ednez Lacuesta\" itemprop=\"image\" decoding=\"async\" loading=\"lazy\" srcset=\"https:\/\/martinezlacuesta.com\/wp-content\/uploads\/Campeador_Garnacha-1.png 477w, https:\/\/martinezlacuesta.com\/wp-content\/uploads\/Campeador_Garnacha-1-130x300.png 130w, https:\/\/martinezlacuesta.com\/wp-content\/uploads\/Campeador_Garnacha-1-444x1024.png 444w\" sizes=\"auto, (max-width: 477px) 100vw, 477px\" \/>\n    <\/a>\n    <h3>\n        Garnacha\n    <\/h3>\n        <a href='https:\/\/martinezlacuesta.com\/en\/shop\/campeador-family\/campeador-garnacha\/' title='VIEW PRODUCT'>VIEW PRODUCT<\/a>\n<\/li><li id=\"woopack-product-5989\"  data-product-id=\"5989\">\n    <a href=\"https:\/\/martinezlacuesta.com\/en\/shop\/campeador-family\/campeador-viura\/\" rel=\"bookmark\" title=\"Acceda a Campeador Viura\">\n                <img width=\"477\" height=\"1100\" src=\"https:\/\/martinezlacuesta.com\/wp-content\/uploads\/Campeador_viura.png\" alt=\"Vino Campeador Viura de Bodegas Mart\u00ednez Lacuesta\" itemprop=\"image\" decoding=\"async\" loading=\"lazy\" srcset=\"https:\/\/martinezlacuesta.com\/wp-content\/uploads\/Campeador_viura.png 477w, https:\/\/martinezlacuesta.com\/wp-content\/uploads\/Campeador_viura-130x300.png 130w, https:\/\/martinezlacuesta.com\/wp-content\/uploads\/Campeador_viura-444x1024.png 444w\" sizes=\"auto, (max-width: 477px) 100vw, 477px\" \/>\n    <\/a>\n    <h3>\n        Viura\n    <\/h3>\n        <a href='https:\/\/martinezlacuesta.com\/en\/shop\/campeador-family\/campeador-viura\/' title='VIEW PRODUCT'>VIEW PRODUCT<\/a>\n<\/li>\t\t\t\t\n\t\t\t<\/ul>\n\t<h2>\n\t\t\tMart\u00ednez Lacuesta\t<\/h2>\n\tThe history of our family, of Haro, of the Rioja region can be told by those wines that were there at the outset. The true history of Rioja wines. A series of wines that form the backbone of Bodegas Mart\u00ednez Lacuesta.<br \/>\nEverything stems from Haro. Everything is part of there.\n\t\t\t<ul>\n\t\t\t\t<li id=\"woopack-product-1747\"  data-product-id=\"1747\">\n    <a href=\"https:\/\/martinezlacuesta.com\/en\/shop\/martinez-lacuesta-family\/martinez-lacuesta-tempranillo-blanco\/\" rel=\"bookmark\" title=\"Acceda a Mart\u00ednez Lacuesta Tempranillo Blanco\">\n                <img width=\"477\" height=\"1100\" src=\"https:\/\/martinezlacuesta.com\/wp-content\/uploads\/Tempranillo_Blanco.png\" alt=\"Vino Mart\u00ednez Lacuesta Tempranillo Blanco. Rioja.\" itemprop=\"image\" decoding=\"async\" loading=\"lazy\" srcset=\"https:\/\/martinezlacuesta.com\/wp-content\/uploads\/Tempranillo_Blanco.png 477w, https:\/\/martinezlacuesta.com\/wp-content\/uploads\/Tempranillo_Blanco-130x300.png 130w, https:\/\/martinezlacuesta.com\/wp-content\/uploads\/Tempranillo_Blanco-444x1024.png 444w\" sizes=\"auto, (max-width: 477px) 100vw, 477px\" \/>\n    <\/a>\n    <h3>\n        Tempranillo Blanco\n    <\/h3>\n        <a href='https:\/\/martinezlacuesta.com\/en\/shop\/martinez-lacuesta-family\/martinez-lacuesta-tempranillo-blanco\/' title='VIEW PRODUCT'>VIEW PRODUCT<\/a>\n<\/li><li id=\"woopack-product-1743\"  data-product-id=\"1743\">\n    <a href=\"https:\/\/martinezlacuesta.com\/en\/shop\/martinez-lacuesta-family\/martinez-lacuesta-blanco-fermentado-en-barrica\/\" rel=\"bookmark\" title=\"Acceda a Mart\u00ednez Lacuesta Viura\">\n                <img width=\"477\" height=\"1100\" src=\"https:\/\/martinezlacuesta.com\/wp-content\/uploads\/viura.png\" alt=\"Vino Mart\u00ednez Lacuesta Blanco Fermentado en Barrica\" itemprop=\"image\" decoding=\"async\" loading=\"lazy\" srcset=\"https:\/\/martinezlacuesta.com\/wp-content\/uploads\/viura.png 477w, https:\/\/martinezlacuesta.com\/wp-content\/uploads\/viura-130x300.png 130w, https:\/\/martinezlacuesta.com\/wp-content\/uploads\/viura-444x1024.png 444w\" sizes=\"auto, (max-width: 477px) 100vw, 477px\" \/>\n    <\/a>\n    <h3>\n        Viura\n    <\/h3>\n        <a href='https:\/\/martinezlacuesta.com\/en\/shop\/martinez-lacuesta-family\/martinez-lacuesta-blanco-fermentado-en-barrica\/' title='VIEW PRODUCT'>VIEW PRODUCT<\/a>\n<\/li><li id=\"woopack-product-5853\"  data-product-id=\"5853\">\n    <a href=\"https:\/\/martinezlacuesta.com\/en\/shop\/martinez-lacuesta-family\/lacuesta-selecto-crianza\/\" rel=\"bookmark\" title=\"Acceda a Lacuesta Selecto Crianza\">\n                <img width=\"477\" height=\"1100\" src=\"https:\/\/martinezlacuesta.com\/wp-content\/uploads\/lacuesta_selecto_crianza.png\" alt=\"Vino tinto de Rioja Lacuesta Selecto Crianza de Bodegas Mart\u00ednez Lacuesta\" itemprop=\"image\" decoding=\"async\" loading=\"lazy\" srcset=\"https:\/\/martinezlacuesta.com\/wp-content\/uploads\/lacuesta_selecto_crianza.png 477w, https:\/\/martinezlacuesta.com\/wp-content\/uploads\/lacuesta_selecto_crianza-130x300.png 130w, https:\/\/martinezlacuesta.com\/wp-content\/uploads\/lacuesta_selecto_crianza-444x1024.png 444w\" sizes=\"auto, (max-width: 477px) 100vw, 477px\" \/>\n    <\/a>\n    <h3>\n        Lacuesta Selecto Crianza\n    <\/h3>\n        <a href='https:\/\/martinezlacuesta.com\/en\/shop\/martinez-lacuesta-family\/lacuesta-selecto-crianza\/' title='VIEW PRODUCT'>VIEW PRODUCT<\/a>\n<\/li><li id=\"woopack-product-1751\"  data-product-id=\"1751\">\n    <a href=\"https:\/\/martinezlacuesta.com\/en\/shop\/martinez-lacuesta-family\/martinez-lacuesta\/\" rel=\"bookmark\" title=\"Acceda a Mart\u00ednez Lacuesta Cuv\u00e9e\">\n                <img width=\"477\" height=\"1100\" src=\"https:\/\/martinezlacuesta.com\/wp-content\/uploads\/martinez_lacuesta_cuvee.png\" alt=\"Vino tinto Mart\u00ednez Lacuesta Cuv\u00e9e\" itemprop=\"image\" decoding=\"async\" loading=\"lazy\" srcset=\"https:\/\/martinezlacuesta.com\/wp-content\/uploads\/martinez_lacuesta_cuvee.png 477w, https:\/\/martinezlacuesta.com\/wp-content\/uploads\/martinez_lacuesta_cuvee-130x300.png 130w, https:\/\/martinezlacuesta.com\/wp-content\/uploads\/martinez_lacuesta_cuvee-444x1024.png 444w\" sizes=\"auto, (max-width: 477px) 100vw, 477px\" \/>\n    <\/a>\n    <h3>\n        Cuv\u00e9e\n    <\/h3>\n        <a href='https:\/\/martinezlacuesta.com\/en\/shop\/martinez-lacuesta-family\/martinez-lacuesta\/' title='VIEW PRODUCT'>VIEW PRODUCT<\/a>\n<\/li><li id=\"woopack-product-1775\"  data-product-id=\"1775\">\n    <a href=\"https:\/\/martinezlacuesta.com\/en\/shop\/martinez-lacuesta-family\/hinia\/\" rel=\"bookmark\" title=\"Acceda a Hinia\">\n                <img width=\"477\" height=\"1100\" src=\"https:\/\/martinezlacuesta.com\/wp-content\/uploads\/hinia_2025.png\" alt=\"Vino tinto Hinia de Bodegas Mart\u00ednez Lacuesta\" itemprop=\"image\" decoding=\"async\" loading=\"lazy\" srcset=\"https:\/\/martinezlacuesta.com\/wp-content\/uploads\/hinia_2025.png 477w, https:\/\/martinezlacuesta.com\/wp-content\/uploads\/hinia_2025-130x300.png 130w, https:\/\/martinezlacuesta.com\/wp-content\/uploads\/hinia_2025-444x1024.png 444w\" sizes=\"auto, (max-width: 477px) 100vw, 477px\" \/>\n    <\/a>\n    <h3>\n        Hinia\n    <\/h3>\n        <a href='https:\/\/martinezlacuesta.com\/en\/shop\/martinez-lacuesta-family\/hinia\/' title='VIEW PRODUCT'>VIEW PRODUCT<\/a>\n<\/li><li id=\"woopack-product-6949\"  data-product-id=\"6949\">\n    <a href=\"https:\/\/martinezlacuesta.com\/en\/shop\/martinez-lacuesta-family\/coleccion-familia\/\" rel=\"bookmark\" title=\"Acceda a Colecci\u00f3n Familia\">\n                <img width=\"477\" height=\"1100\" src=\"https:\/\/martinezlacuesta.com\/wp-content\/uploads\/coleccion_familia_malla.png\" alt=\"Vino tinto Colecci\u00f3n Familia de Bodegas Mart\u00ednez Lacuesta\" itemprop=\"image\" decoding=\"async\" loading=\"lazy\" srcset=\"https:\/\/martinezlacuesta.com\/wp-content\/uploads\/coleccion_familia_malla.png 477w, https:\/\/martinezlacuesta.com\/wp-content\/uploads\/coleccion_familia_malla-130x300.png 130w, https:\/\/martinezlacuesta.com\/wp-content\/uploads\/coleccion_familia_malla-444x1024.png 444w\" sizes=\"auto, (max-width: 477px) 100vw, 477px\" \/>\n    <\/a>\n    <h3>\n        Colecci\u00f3n Familia\n    <\/h3>\n        <a href='https:\/\/martinezlacuesta.com\/en\/shop\/martinez-lacuesta-family\/coleccion-familia\/' title='VIEW PRODUCT'>VIEW PRODUCT<\/a>\n<\/li><li id=\"woopack-product-1764\"  data-product-id=\"1764\">\n    <a href=\"https:\/\/martinezlacuesta.com\/en\/shop\/martinez-lacuesta-family\/martinez-lacuesta-la-sucursal\/\" rel=\"bookmark\" title=\"Acceda a Mart\u00ednez Lacuesta La Sucursal\">\n                <img width=\"477\" height=\"1100\" src=\"https:\/\/martinezlacuesta.com\/wp-content\/uploads\/sucursal_nueva.png\" alt=\"Vino tinto de Rioja La Sucursal de Bodegas Mart\u00ednez Lacuesta\" itemprop=\"image\" decoding=\"async\" loading=\"lazy\" srcset=\"https:\/\/martinezlacuesta.com\/wp-content\/uploads\/sucursal_nueva.png 477w, https:\/\/martinezlacuesta.com\/wp-content\/uploads\/sucursal_nueva-130x300.png 130w, https:\/\/martinezlacuesta.com\/wp-content\/uploads\/sucursal_nueva-444x1024.png 444w\" sizes=\"auto, (max-width: 477px) 100vw, 477px\" \/>\n    <\/a>\n    <h3>\n        La Sucursal\n    <\/h3>\n        <a href='https:\/\/martinezlacuesta.com\/en\/shop\/martinez-lacuesta-family\/martinez-lacuesta-la-sucursal\/' title='VIEW PRODUCT'>VIEW PRODUCT<\/a>\n<\/li><li id=\"woopack-product-12251\"  data-product-id=\"12251\">\n    <a href=\"https:\/\/martinezlacuesta.com\/en\/shop\/martinez-lacuesta-family\/la-centenaria\/\" rel=\"bookmark\" title=\"Acceda a La Centenaria\">\n                <img width=\"477\" height=\"1100\" src=\"https:\/\/martinezlacuesta.com\/wp-content\/uploads\/la_centenaria-1.png\" alt=\"Vino tinto La Centenaria de Bodegas Mart\u00ednez Lacuesta\" itemprop=\"image\" decoding=\"async\" loading=\"lazy\" srcset=\"https:\/\/martinezlacuesta.com\/wp-content\/uploads\/la_centenaria-1.png 477w, https:\/\/martinezlacuesta.com\/wp-content\/uploads\/la_centenaria-1-130x300.png 130w, https:\/\/martinezlacuesta.com\/wp-content\/uploads\/la_centenaria-1-444x1024.png 444w\" sizes=\"auto, (max-width: 477px) 100vw, 477px\" \/>\n    <\/a>\n    <h3>\n        La Centenaria\n    <\/h3>\n        <a href='https:\/\/martinezlacuesta.com\/en\/shop\/martinez-lacuesta-family\/la-centenaria\/' title='VIEW PRODUCT'>VIEW PRODUCT<\/a>\n<\/li>\t\t\t\t\n\t\t\t<\/ul>\n\t\n","protected":false},"excerpt":{"rendered":"<p>Wines Origin Haro Mart\u00ednez Lacuesta\u00b4s Wines Bodegas Mart\u00ednez Lacuesta represents the essence of all that it and its Haro vineyards mean to Rioja wines. Haro is at the very heart of the Rioja region, the place where we the story of its wines began to be written. With its vineyards stretching a radius of barely&hellip;<\/p>\n","protected":false},"author":1,"featured_media":0,"parent":0,"menu_order":0,"comment_status":"closed","ping_status":"closed","template":"","meta":{"_acf_changed":false,"footnotes":""},"class_list":["post-1714","page","type-page","status-publish","hentry"],"acf":[],"yoast_head":"<!-- This site is optimized with the Yoast SEO plugin v27.2 - https:\/\/yoast.com\/product\/yoast-seo-wordpress\/ -->\n<title>Rioja wines from Bodegas Mart\u00ednez Lacuesta<\/title>\n<meta name=\"description\" content=\"These are the Rioja Wines of Bodegas Mart\u00ednez Lacuesta. Red, white and ros\u00e9 wines. Rioja wines.\" \/>\n<meta name=\"robots\" content=\"index, follow, max-snippet:-1, max-image-preview:large, max-video-preview:-1\" \/>\n<link rel=\"canonical\" href=\"https:\/\/martinezlacuesta.com\/en\/wines\/\" \/>\n<meta property=\"og:locale\" content=\"en_US\" \/>\n<meta property=\"og:type\" content=\"article\" \/>\n<meta property=\"og:title\" content=\"Rioja wines from Bodegas Mart\u00ednez Lacuesta\" \/>\n<meta property=\"og:description\" content=\"These are the Rioja Wines of Bodegas Mart\u00ednez Lacuesta. Red, white and ros\u00e9 wines. Rioja wines.\" \/>\n<meta property=\"og:url\" content=\"https:\/\/martinezlacuesta.com\/en\/wines\/\" \/>\n<meta property=\"og:site_name\" content=\"Bodegas Mart\u00ednez Lacuesta\" \/>\n<meta property=\"article:publisher\" content=\"https:\/\/www.facebook.com\/MartinezLacuesta\" \/>\n<meta property=\"article:modified_time\" content=\"2025-11-25T13:15:16+00:00\" \/>\n<meta property=\"og:image\" content=\"https:\/\/martinezlacuesta.com\/wp-content\/uploads\/vinos-campeador-campeador_reserva-bodegas_martinez_lacuesta-444x1024.png\" \/>\n<meta name=\"twitter:card\" content=\"summary_large_image\" \/>\n<meta name=\"twitter:title\" content=\"Rioja wines from Bodegas Mart\u00ednez Lacuesta\" \/>\n<meta name=\"twitter:description\" content=\"These are the Rioja Wines of Bodegas Mart\u00ednez Lacuesta. Red, white and ros\u00e9 wines. Rioja wines.\" \/>\n<meta name=\"twitter:image\" content=\"https:\/\/martinezlacuesta.com\/wp-content\/uploads\/vinos-campeador-campeador_crianza-bodegas_martinez_lacuesta.png\" \/>\n<meta name=\"twitter:site\" content=\"@BodegaLacuesta\" \/>\n<meta name=\"twitter:label1\" content=\"Est. reading time\" \/>\n\t<meta name=\"twitter:data1\" content=\"2 minutes\" \/>\n<script type=\"application\/ld+json\" class=\"yoast-schema-graph\">{\"@context\":\"https:\/\/schema.org\",\"@graph\":[{\"@type\":\"WebPage\",\"@id\":\"https:\/\/martinezlacuesta.com\/en\/wines\/\",\"url\":\"https:\/\/martinezlacuesta.com\/en\/wines\/\",\"name\":\"Rioja wines from Bodegas Mart\u00ednez Lacuesta\",\"isPartOf\":{\"@id\":\"https:\/\/martinezlacuesta.com\/en\/#website\"},\"primaryImageOfPage\":{\"@id\":\"https:\/\/martinezlacuesta.com\/en\/wines\/#primaryimage\"},\"image\":{\"@id\":\"https:\/\/martinezlacuesta.com\/en\/wines\/#primaryimage\"},\"thumbnailUrl\":\"https:\/\/martinezlacuesta.com\/wp-content\/uploads\/2022\/09\/logo-nlack-fondo-martinezlacuesta.png\",\"datePublished\":\"2022-10-24T16:04:37+00:00\",\"dateModified\":\"2025-11-25T13:15:16+00:00\",\"description\":\"These are the Rioja Wines of Bodegas Mart\u00ednez Lacuesta. Red, white and ros\u00e9 wines. Rioja wines.\",\"breadcrumb\":{\"@id\":\"https:\/\/martinezlacuesta.com\/en\/wines\/#breadcrumb\"},\"inLanguage\":\"en-US\",\"potentialAction\":[{\"@type\":\"ReadAction\",\"target\":[\"https:\/\/martinezlacuesta.com\/en\/wines\/\"]}]},{\"@type\":\"ImageObject\",\"inLanguage\":\"en-US\",\"@id\":\"https:\/\/martinezlacuesta.com\/en\/wines\/#primaryimage\",\"url\":\"https:\/\/martinezlacuesta.com\/wp-content\/uploads\/2022\/09\/logo-nlack-fondo-martinezlacuesta.png\",\"contentUrl\":\"https:\/\/martinezlacuesta.com\/wp-content\/uploads\/2022\/09\/logo-nlack-fondo-martinezlacuesta.png\"},{\"@type\":\"BreadcrumbList\",\"@id\":\"https:\/\/martinezlacuesta.com\/en\/wines\/#breadcrumb\",\"itemListElement\":[{\"@type\":\"ListItem\",\"position\":1,\"name\":\"Portada\",\"item\":\"https:\/\/martinezlacuesta.com\/en\/\"},{\"@type\":\"ListItem\",\"position\":2,\"name\":\"Wines\"}]},{\"@type\":\"WebSite\",\"@id\":\"https:\/\/martinezlacuesta.com\/en\/#website\",\"url\":\"https:\/\/martinezlacuesta.com\/en\/\",\"name\":\"https:\/\/martinezlacuesta.com\/\",\"description\":\"Descubre Bodegas Martinez Lacuesta en Haro, una de las Bodegas Centenarias de La Rioja.\",\"publisher\":{\"@id\":\"https:\/\/martinezlacuesta.com\/en\/#organization\"},\"potentialAction\":[{\"@type\":\"SearchAction\",\"target\":{\"@type\":\"EntryPoint\",\"urlTemplate\":\"https:\/\/martinezlacuesta.com\/en\/?s={search_term_string}\"},\"query-input\":{\"@type\":\"PropertyValueSpecification\",\"valueRequired\":true,\"valueName\":\"search_term_string\"}}],\"inLanguage\":\"en-US\"},{\"@type\":\"Organization\",\"@id\":\"https:\/\/martinezlacuesta.com\/en\/#organization\",\"name\":\"Bodegas Mart\u00ednez Lacuesta\",\"url\":\"https:\/\/martinezlacuesta.com\/en\/\",\"logo\":{\"@type\":\"ImageObject\",\"inLanguage\":\"en-US\",\"@id\":\"https:\/\/martinezlacuesta.com\/en\/#\/schema\/logo\/image\/\",\"url\":\"https:\/\/martinezlacuesta.com\/wp-content\/uploads\/logo-escudo_Martinez_Lacuesta-color-martinezlacuesta.png\",\"contentUrl\":\"https:\/\/martinezlacuesta.com\/wp-content\/uploads\/logo-escudo_Martinez_Lacuesta-color-martinezlacuesta.png\",\"width\":315,\"height\":149,\"caption\":\"Bodegas Mart\u00ednez Lacuesta\"},\"image\":{\"@id\":\"https:\/\/martinezlacuesta.com\/en\/#\/schema\/logo\/image\/\"},\"sameAs\":[\"https:\/\/www.facebook.com\/MartinezLacuesta\",\"https:\/\/x.com\/BodegaLacuesta\",\"https:\/\/www.instagram.com\/bodegasmartinezlacuesta\/\",\"https:\/\/www.youtube.com\/@bodegasmartinezlacuesta6819\/videos\",\"https:\/\/www.linkedin.com\/company\/bodegas-martnez-lacuesta-s.a.\/\"]}]}<\/script>\n<!-- \/ Yoast SEO plugin. -->","yoast_head_json":{"title":"Rioja wines from Bodegas Mart\u00ednez Lacuesta","description":"These are the Rioja Wines of Bodegas Mart\u00ednez Lacuesta. Red, white and ros\u00e9 wines. Rioja wines.","robots":{"index":"index","follow":"follow","max-snippet":"max-snippet:-1","max-image-preview":"max-image-preview:large","max-video-preview":"max-video-preview:-1"},"canonical":"https:\/\/martinezlacuesta.com\/en\/wines\/","og_locale":"en_US","og_type":"article","og_title":"Rioja wines from Bodegas Mart\u00ednez Lacuesta","og_description":"These are the Rioja Wines of Bodegas Mart\u00ednez Lacuesta. Red, white and ros\u00e9 wines. Rioja wines.","og_url":"https:\/\/martinezlacuesta.com\/en\/wines\/","og_site_name":"Bodegas Mart\u00ednez Lacuesta","article_publisher":"https:\/\/www.facebook.com\/MartinezLacuesta","article_modified_time":"2025-11-25T13:15:16+00:00","og_image":[{"url":"https:\/\/martinezlacuesta.com\/wp-content\/uploads\/vinos-campeador-campeador_reserva-bodegas_martinez_lacuesta-444x1024.png","type":"","width":"","height":""}],"twitter_card":"summary_large_image","twitter_title":"Rioja wines from Bodegas Mart\u00ednez Lacuesta","twitter_description":"These are the Rioja Wines of Bodegas Mart\u00ednez Lacuesta. Red, white and ros\u00e9 wines. Rioja wines.","twitter_image":"https:\/\/martinezlacuesta.com\/wp-content\/uploads\/vinos-campeador-campeador_crianza-bodegas_martinez_lacuesta.png","twitter_site":"@BodegaLacuesta","twitter_misc":{"Est. reading time":"2 minutes"},"schema":{"@context":"https:\/\/schema.org","@graph":[{"@type":"WebPage","@id":"https:\/\/martinezlacuesta.com\/en\/wines\/","url":"https:\/\/martinezlacuesta.com\/en\/wines\/","name":"Rioja wines from Bodegas Mart\u00ednez Lacuesta","isPartOf":{"@id":"https:\/\/martinezlacuesta.com\/en\/#website"},"primaryImageOfPage":{"@id":"https:\/\/martinezlacuesta.com\/en\/wines\/#primaryimage"},"image":{"@id":"https:\/\/martinezlacuesta.com\/en\/wines\/#primaryimage"},"thumbnailUrl":"https:\/\/martinezlacuesta.com\/wp-content\/uploads\/2022\/09\/logo-nlack-fondo-martinezlacuesta.png","datePublished":"2022-10-24T16:04:37+00:00","dateModified":"2025-11-25T13:15:16+00:00","description":"These are the Rioja Wines of Bodegas Mart\u00ednez Lacuesta. Red, white and ros\u00e9 wines. Rioja wines.","breadcrumb":{"@id":"https:\/\/martinezlacuesta.com\/en\/wines\/#breadcrumb"},"inLanguage":"en-US","potentialAction":[{"@type":"ReadAction","target":["https:\/\/martinezlacuesta.com\/en\/wines\/"]}]},{"@type":"ImageObject","inLanguage":"en-US","@id":"https:\/\/martinezlacuesta.com\/en\/wines\/#primaryimage","url":"https:\/\/martinezlacuesta.com\/wp-content\/uploads\/2022\/09\/logo-nlack-fondo-martinezlacuesta.png","contentUrl":"https:\/\/martinezlacuesta.com\/wp-content\/uploads\/2022\/09\/logo-nlack-fondo-martinezlacuesta.png"},{"@type":"BreadcrumbList","@id":"https:\/\/martinezlacuesta.com\/en\/wines\/#breadcrumb","itemListElement":[{"@type":"ListItem","position":1,"name":"Portada","item":"https:\/\/martinezlacuesta.com\/en\/"},{"@type":"ListItem","position":2,"name":"Wines"}]},{"@type":"WebSite","@id":"https:\/\/martinezlacuesta.com\/en\/#website","url":"https:\/\/martinezlacuesta.com\/en\/","name":"https:\/\/martinezlacuesta.com\/","description":"Descubre Bodegas Martinez Lacuesta en Haro, una de las Bodegas Centenarias de La Rioja.","publisher":{"@id":"https:\/\/martinezlacuesta.com\/en\/#organization"},"potentialAction":[{"@type":"SearchAction","target":{"@type":"EntryPoint","urlTemplate":"https:\/\/martinezlacuesta.com\/en\/?s={search_term_string}"},"query-input":{"@type":"PropertyValueSpecification","valueRequired":true,"valueName":"search_term_string"}}],"inLanguage":"en-US"},{"@type":"Organization","@id":"https:\/\/martinezlacuesta.com\/en\/#organization","name":"Bodegas Mart\u00ednez Lacuesta","url":"https:\/\/martinezlacuesta.com\/en\/","logo":{"@type":"ImageObject","inLanguage":"en-US","@id":"https:\/\/martinezlacuesta.com\/en\/#\/schema\/logo\/image\/","url":"https:\/\/martinezlacuesta.com\/wp-content\/uploads\/logo-escudo_Martinez_Lacuesta-color-martinezlacuesta.png","contentUrl":"https:\/\/martinezlacuesta.com\/wp-content\/uploads\/logo-escudo_Martinez_Lacuesta-color-martinezlacuesta.png","width":315,"height":149,"caption":"Bodegas Mart\u00ednez Lacuesta"},"image":{"@id":"https:\/\/martinezlacuesta.com\/en\/#\/schema\/logo\/image\/"},"sameAs":["https:\/\/www.facebook.com\/MartinezLacuesta","https:\/\/x.com\/BodegaLacuesta","https:\/\/www.instagram.com\/bodegasmartinezlacuesta\/","https:\/\/www.youtube.com\/@bodegasmartinezlacuesta6819\/videos","https:\/\/www.linkedin.com\/company\/bodegas-martnez-lacuesta-s.a.\/"]}]}},"_links":{"self":[{"href":"https:\/\/martinezlacuesta.com\/en\/wp-json\/wp\/v2\/pages\/1714","targetHints":{"allow":["GET"]}}],"collection":[{"href":"https:\/\/martinezlacuesta.com\/en\/wp-json\/wp\/v2\/pages"}],"about":[{"href":"https:\/\/martinezlacuesta.com\/en\/wp-json\/wp\/v2\/types\/page"}],"author":[{"embeddable":true,"href":"https:\/\/martinezlacuesta.com\/en\/wp-json\/wp\/v2\/users\/1"}],"replies":[{"embeddable":true,"href":"https:\/\/martinezlacuesta.com\/en\/wp-json\/wp\/v2\/comments?post=1714"}],"version-history":[{"count":0,"href":"https:\/\/martinezlacuesta.com\/en\/wp-json\/wp\/v2\/pages\/1714\/revisions"}],"wp:attachment":[{"href":"https:\/\/martinezlacuesta.com\/en\/wp-json\/wp\/v2\/media?parent=1714"}],"curies":[{"name":"wp","href":"https:\/\/api.w.org\/{rel}","templated":true}]}}