{"id":1717,"date":"2022-10-26T09:35:12","date_gmt":"2022-10-26T07:35:12","guid":{"rendered":"https:\/\/martinezlacuesta.com\/enotourism\/"},"modified":"2026-03-13T21:12:48","modified_gmt":"2026-03-13T20:12:48","slug":"enotourism","status":"publish","type":"page","link":"https:\/\/martinezlacuesta.com\/en\/enotourism\/","title":{"rendered":"Enotourism"},"content":{"rendered":"\n<h2  data-animation-delay=\"1\" data-animation-duration=\"2\">\n\t\t\tEnotourism\t<\/h2>\n\t\t<h2>\n\t\t\tMART\u00cdNEZ LACUESTA\n\t\t\t\t\t\t\t\t\t\t\tUnforgettable experiences in <i>the Rioja<\/i> region with the taste of <i>Mart\u00ednez Lacuesta<\/i>\n\t\t<\/h2>\n\t\t\t<p>Bodegas Mart\u00ednez Lacuesta is a fascinating place in which, as well as producing fine Rioja wines, there are hundreds of stories, traditions and the odd secret waiting to be discovered. All of this will be revealed to you as you walk through the winery, get to know its methods, its hidden-away corners and, of course, its finest wines. Choose the experience that most appeals to you and come to visit us. We offer you the chance to enjoy a unique moment that will ensure that when you leave our winery you will know that your love of wine is significantly deeper.<\/p>\t\t\n\t\t\t\t\t\t\t\t\t\t\t\t<h3>Mart\u00ednez Lacuesta visit<\/h3>\n\t\t\t\t\t\t\t\t\t\t\t\t<h3>Mart\u00ednez Lacuesta visit<\/h3>\n\t\t\t\t\t\t<p>Tour of the winery interior with guided tasting of three wines.<br \/><\/p>\t\t\t\t\t\n\t\t\t\t\t\t\t\t\t\t\t<a href=\"https:\/\/martinezlacuesta.com\/en\/shop\/enotourism\/regular-visit\/\" target=\"_self\">Reserve<\/a>\n\t\t\t\t\t\t\t\t\t\t\t\t<h3>Vermouth visit<\/h3>\n\t\t\t\t\t\t\t\t\t\t\t\t<h3>Vermouth visit<\/h3>\n\t\t\t\t\t\t<p>Come and enjoy good experiences.<\/p>\t\t\t\t\t\n\t\t\t\t\t\t\t\t\t\t\t<a href=\"https:\/\/martinezlacuesta.com\/en\/shop\/enotourism\/visita-vermut\/\" target=\"_self\">Reserve<\/a>\n\t\t\t\t\t\t\t\t\t\t\t\t<h3>Visit and Lunch<\/h3>\n\t\t\t\t\t\t\t\t\t\t\t\t<h3>Visit and Lunch<\/h3>\n\t\t\t\t\t\t<p>Having visited the inside of our winery, we offer you a tasting menu featuring six dishes paired with three wines and a vermouth.<\/p>\t\t\t\t\t\n\t\t\t\t\t\t\t\t\t\t\t<a href=\"https:\/\/martinezlacuesta.com\/en\/shop\/enotourism\/visita-menu-maridaje\/\" target=\"_self\">Reserve<\/a>\n\t\t\t\t\t\t\t\t\t\t\t\t<h3>English Tours<\/h3>\n\t\t\t\t\t\t\t\t\t\t\t\t<h3>English Tours<\/h3>\n\t\t\t\t\t\t<p>Tour of the winery interior with guided tasting of three wines.<br \/><\/p>\t\t\t\t\t\n\t\t\t\t\t\t\t\t\t\t\t<a href=\"https:\/\/martinezlacuesta.com\/en\/shop\/enotourism\/english-tours\/\" target=\"_self\">More information<\/a>\n\t\t\t\t\t\t\t\t\t\t\t\t<h3>Wine and Bar<\/h3>\n\t\t\t\t\t\t\t\t\t\t\t\t<h3>Wine Bar<\/h3>\n\t\t\t\t\t\t<p>Discover our wines and vermouths at the Wine Bar.<\/p>\t\t\t\t\t\n\t\t\t\t\t\t\t\t\t\t\t<a href=\"https:\/\/martinezlacuesta.com\/en\/enotourism\/wine-bar\/\" target=\"_self\">RESERVE<\/a>\n\t\t\t\t\t\t\t\t\t\t\t\t<h3>Taylor Made Events<\/h3>\n\t\t\t\t\t\t\t\t\t\t\t\t<h3>Taylor Made Events<\/h3>\n\t\t\t\t\t\t<p>If you need us to design a custom experience, fill out the form and we will contact you to offer that special service you are looking for.<\/p>\t\t\t\t\t\n\t\t\t\t\t\t\t\t\t\t\t<a href=\"https:\/\/martinezlacuesta.com\/en\/enotourism\/create-your-event\/\" target=\"_self\">More Information<\/a>\n\n","protected":false},"excerpt":{"rendered":"<p>Enotourism MART\u00cdNEZ LACUESTA Unforgettable experiences in the Rioja region with the taste of Mart\u00ednez Lacuesta Bodegas Mart\u00ednez Lacuesta is a fascinating place in which, as well as producing fine Rioja wines, there are hundreds of stories, traditions and the odd secret waiting to be discovered. All of this will be revealed to you as you&hellip;<\/p>\n","protected":false},"author":1,"featured_media":0,"parent":0,"menu_order":0,"comment_status":"closed","ping_status":"closed","template":"","meta":{"_acf_changed":false,"footnotes":""},"class_list":["post-1717","page","type-page","status-publish","hentry"],"acf":[],"yoast_head":"<!-- This site is optimized with the Yoast SEO plugin v27.2 - https:\/\/yoast.com\/product\/yoast-seo-wordpress\/ -->\n<title>Unforgettable experiences in the Rioja region with the taste of Mart\u00ednez Lacuesta<\/title>\n<meta name=\"description\" content=\"Discover the authentic Rioja Wine Tourism in a Centennial Winery. Contact with us \u260e +34 941 310 050 &amp; \u2709 reservas@martinezlacuesta.com\" \/>\n<meta name=\"robots\" content=\"index, follow, max-snippet:-1, max-image-preview:large, max-video-preview:-1\" \/>\n<link rel=\"canonical\" href=\"https:\/\/martinezlacuesta.com\/en\/enotourism\/\" \/>\n<meta property=\"og:locale\" content=\"en_US\" \/>\n<meta property=\"og:type\" content=\"article\" \/>\n<meta property=\"og:title\" content=\"Unforgettable experiences in the Rioja region with the taste of Mart\u00ednez Lacuesta\" \/>\n<meta property=\"og:description\" content=\"Discover the authentic Rioja Wine Tourism in a Centennial Winery. Contact with us \u260e +34 941 310 050 &amp; \u2709 reservas@martinezlacuesta.com\" \/>\n<meta property=\"og:url\" content=\"https:\/\/martinezlacuesta.com\/en\/enotourism\/\" \/>\n<meta property=\"og:site_name\" content=\"Bodegas Mart\u00ednez Lacuesta\" \/>\n<meta property=\"article:publisher\" content=\"https:\/\/www.facebook.com\/MartinezLacuesta\" \/>\n<meta property=\"article:modified_time\" content=\"2026-03-13T20:12:48+00:00\" \/>\n<meta property=\"og:image\" content=\"https:\/\/martinezlacuesta.com\/wp-content\/uploads\/enoturismo-hero-sala_barricas_panoramica-bodegas_martinez_lacuesta-1024x524.jpg\" \/>\n<meta name=\"twitter:card\" content=\"summary_large_image\" \/>\n<meta name=\"twitter:title\" content=\"Unforgettable experiences in the Rioja region with the taste of Mart\u00ednez Lacuesta\" \/>\n<meta name=\"twitter:description\" content=\"Discover the authentic Rioja Wine Tourism in a Centennial Winery. Contact with us \u260e +34 941 310 050 &amp; \u2709 reservas@martinezlacuesta.com\" \/>\n<meta name=\"twitter:image\" content=\"https:\/\/martinezlacuesta.com\/wp-content\/uploads\/enoturismo-hero-sala_barricas_panoramica-bodegas_martinez_lacuesta-1024x524.jpg\" \/>\n<meta name=\"twitter:site\" content=\"@BodegaLacuesta\" \/>\n<meta name=\"twitter:label1\" content=\"Est. reading time\" \/>\n\t<meta name=\"twitter:data1\" content=\"1 minute\" \/>\n<script type=\"application\/ld+json\" class=\"yoast-schema-graph\">{\"@context\":\"https:\/\/schema.org\",\"@graph\":[{\"@type\":\"WebPage\",\"@id\":\"https:\/\/martinezlacuesta.com\/en\/enotourism\/\",\"url\":\"https:\/\/martinezlacuesta.com\/en\/enotourism\/\",\"name\":\"Unforgettable experiences in the Rioja region with the taste of Mart\u00ednez Lacuesta\",\"isPartOf\":{\"@id\":\"https:\/\/martinezlacuesta.com\/en\/#website\"},\"datePublished\":\"2022-10-26T07:35:12+00:00\",\"dateModified\":\"2026-03-13T20:12:48+00:00\",\"description\":\"Discover the authentic Rioja Wine Tourism in a Centennial Winery. Contact with us \u260e +34 941 310 050 & \u2709 reservas@martinezlacuesta.com\",\"breadcrumb\":{\"@id\":\"https:\/\/martinezlacuesta.com\/en\/enotourism\/#breadcrumb\"},\"inLanguage\":\"en-US\",\"potentialAction\":[{\"@type\":\"ReadAction\",\"target\":[\"https:\/\/martinezlacuesta.com\/en\/enotourism\/\"]}]},{\"@type\":\"BreadcrumbList\",\"@id\":\"https:\/\/martinezlacuesta.com\/en\/enotourism\/#breadcrumb\",\"itemListElement\":[{\"@type\":\"ListItem\",\"position\":1,\"name\":\"Portada\",\"item\":\"https:\/\/martinezlacuesta.com\/en\/\"},{\"@type\":\"ListItem\",\"position\":2,\"name\":\"Enotourism\"}]},{\"@type\":\"WebSite\",\"@id\":\"https:\/\/martinezlacuesta.com\/en\/#website\",\"url\":\"https:\/\/martinezlacuesta.com\/en\/\",\"name\":\"https:\/\/martinezlacuesta.com\/\",\"description\":\"Descubre Bodegas Martinez Lacuesta en Haro, una de las Bodegas Centenarias de La Rioja.\",\"publisher\":{\"@id\":\"https:\/\/martinezlacuesta.com\/en\/#organization\"},\"potentialAction\":[{\"@type\":\"SearchAction\",\"target\":{\"@type\":\"EntryPoint\",\"urlTemplate\":\"https:\/\/martinezlacuesta.com\/en\/?s={search_term_string}\"},\"query-input\":{\"@type\":\"PropertyValueSpecification\",\"valueRequired\":true,\"valueName\":\"search_term_string\"}}],\"inLanguage\":\"en-US\"},{\"@type\":\"Organization\",\"@id\":\"https:\/\/martinezlacuesta.com\/en\/#organization\",\"name\":\"Bodegas Mart\u00ednez Lacuesta\",\"url\":\"https:\/\/martinezlacuesta.com\/en\/\",\"logo\":{\"@type\":\"ImageObject\",\"inLanguage\":\"en-US\",\"@id\":\"https:\/\/martinezlacuesta.com\/en\/#\/schema\/logo\/image\/\",\"url\":\"https:\/\/martinezlacuesta.com\/wp-content\/uploads\/logo-escudo_Martinez_Lacuesta-color-martinezlacuesta.png\",\"contentUrl\":\"https:\/\/martinezlacuesta.com\/wp-content\/uploads\/logo-escudo_Martinez_Lacuesta-color-martinezlacuesta.png\",\"width\":315,\"height\":149,\"caption\":\"Bodegas Mart\u00ednez Lacuesta\"},\"image\":{\"@id\":\"https:\/\/martinezlacuesta.com\/en\/#\/schema\/logo\/image\/\"},\"sameAs\":[\"https:\/\/www.facebook.com\/MartinezLacuesta\",\"https:\/\/x.com\/BodegaLacuesta\",\"https:\/\/www.instagram.com\/bodegasmartinezlacuesta\/\",\"https:\/\/www.youtube.com\/@bodegasmartinezlacuesta6819\/videos\",\"https:\/\/www.linkedin.com\/company\/bodegas-martnez-lacuesta-s.a.\/\"]}]}<\/script>\n<!-- \/ Yoast SEO plugin. -->","yoast_head_json":{"title":"Unforgettable experiences in the Rioja region with the taste of Mart\u00ednez Lacuesta","description":"Discover the authentic Rioja Wine Tourism in a Centennial Winery. Contact with us \u260e +34 941 310 050 & \u2709 reservas@martinezlacuesta.com","robots":{"index":"index","follow":"follow","max-snippet":"max-snippet:-1","max-image-preview":"max-image-preview:large","max-video-preview":"max-video-preview:-1"},"canonical":"https:\/\/martinezlacuesta.com\/en\/enotourism\/","og_locale":"en_US","og_type":"article","og_title":"Unforgettable experiences in the Rioja region with the taste of Mart\u00ednez Lacuesta","og_description":"Discover the authentic Rioja Wine Tourism in a Centennial Winery. Contact with us \u260e +34 941 310 050 & \u2709 reservas@martinezlacuesta.com","og_url":"https:\/\/martinezlacuesta.com\/en\/enotourism\/","og_site_name":"Bodegas Mart\u00ednez Lacuesta","article_publisher":"https:\/\/www.facebook.com\/MartinezLacuesta","article_modified_time":"2026-03-13T20:12:48+00:00","og_image":[{"url":"https:\/\/martinezlacuesta.com\/wp-content\/uploads\/enoturismo-hero-sala_barricas_panoramica-bodegas_martinez_lacuesta-1024x524.jpg","type":"","width":"","height":""}],"twitter_card":"summary_large_image","twitter_title":"Unforgettable experiences in the Rioja region with the taste of Mart\u00ednez Lacuesta","twitter_description":"Discover the authentic Rioja Wine Tourism in a Centennial Winery. Contact with us \u260e +34 941 310 050 & \u2709 reservas@martinezlacuesta.com","twitter_image":"https:\/\/martinezlacuesta.com\/wp-content\/uploads\/enoturismo-hero-sala_barricas_panoramica-bodegas_martinez_lacuesta-1024x524.jpg","twitter_site":"@BodegaLacuesta","twitter_misc":{"Est. reading time":"1 minute"},"schema":{"@context":"https:\/\/schema.org","@graph":[{"@type":"WebPage","@id":"https:\/\/martinezlacuesta.com\/en\/enotourism\/","url":"https:\/\/martinezlacuesta.com\/en\/enotourism\/","name":"Unforgettable experiences in the Rioja region with the taste of Mart\u00ednez Lacuesta","isPartOf":{"@id":"https:\/\/martinezlacuesta.com\/en\/#website"},"datePublished":"2022-10-26T07:35:12+00:00","dateModified":"2026-03-13T20:12:48+00:00","description":"Discover the authentic Rioja Wine Tourism in a Centennial Winery. Contact with us \u260e +34 941 310 050 & \u2709 reservas@martinezlacuesta.com","breadcrumb":{"@id":"https:\/\/martinezlacuesta.com\/en\/enotourism\/#breadcrumb"},"inLanguage":"en-US","potentialAction":[{"@type":"ReadAction","target":["https:\/\/martinezlacuesta.com\/en\/enotourism\/"]}]},{"@type":"BreadcrumbList","@id":"https:\/\/martinezlacuesta.com\/en\/enotourism\/#breadcrumb","itemListElement":[{"@type":"ListItem","position":1,"name":"Portada","item":"https:\/\/martinezlacuesta.com\/en\/"},{"@type":"ListItem","position":2,"name":"Enotourism"}]},{"@type":"WebSite","@id":"https:\/\/martinezlacuesta.com\/en\/#website","url":"https:\/\/martinezlacuesta.com\/en\/","name":"https:\/\/martinezlacuesta.com\/","description":"Descubre Bodegas Martinez Lacuesta en Haro, una de las Bodegas Centenarias de La Rioja.","publisher":{"@id":"https:\/\/martinezlacuesta.com\/en\/#organization"},"potentialAction":[{"@type":"SearchAction","target":{"@type":"EntryPoint","urlTemplate":"https:\/\/martinezlacuesta.com\/en\/?s={search_term_string}"},"query-input":{"@type":"PropertyValueSpecification","valueRequired":true,"valueName":"search_term_string"}}],"inLanguage":"en-US"},{"@type":"Organization","@id":"https:\/\/martinezlacuesta.com\/en\/#organization","name":"Bodegas Mart\u00ednez Lacuesta","url":"https:\/\/martinezlacuesta.com\/en\/","logo":{"@type":"ImageObject","inLanguage":"en-US","@id":"https:\/\/martinezlacuesta.com\/en\/#\/schema\/logo\/image\/","url":"https:\/\/martinezlacuesta.com\/wp-content\/uploads\/logo-escudo_Martinez_Lacuesta-color-martinezlacuesta.png","contentUrl":"https:\/\/martinezlacuesta.com\/wp-content\/uploads\/logo-escudo_Martinez_Lacuesta-color-martinezlacuesta.png","width":315,"height":149,"caption":"Bodegas Mart\u00ednez Lacuesta"},"image":{"@id":"https:\/\/martinezlacuesta.com\/en\/#\/schema\/logo\/image\/"},"sameAs":["https:\/\/www.facebook.com\/MartinezLacuesta","https:\/\/x.com\/BodegaLacuesta","https:\/\/www.instagram.com\/bodegasmartinezlacuesta\/","https:\/\/www.youtube.com\/@bodegasmartinezlacuesta6819\/videos","https:\/\/www.linkedin.com\/company\/bodegas-martnez-lacuesta-s.a.\/"]}]}},"_links":{"self":[{"href":"https:\/\/martinezlacuesta.com\/en\/wp-json\/wp\/v2\/pages\/1717","targetHints":{"allow":["GET"]}}],"collection":[{"href":"https:\/\/martinezlacuesta.com\/en\/wp-json\/wp\/v2\/pages"}],"about":[{"href":"https:\/\/martinezlacuesta.com\/en\/wp-json\/wp\/v2\/types\/page"}],"author":[{"embeddable":true,"href":"https:\/\/martinezlacuesta.com\/en\/wp-json\/wp\/v2\/users\/1"}],"replies":[{"embeddable":true,"href":"https:\/\/martinezlacuesta.com\/en\/wp-json\/wp\/v2\/comments?post=1717"}],"version-history":[{"count":0,"href":"https:\/\/martinezlacuesta.com\/en\/wp-json\/wp\/v2\/pages\/1717\/revisions"}],"wp:attachment":[{"href":"https:\/\/martinezlacuesta.com\/en\/wp-json\/wp\/v2\/media?parent=1717"}],"curies":[{"name":"wp","href":"https:\/\/api.w.org\/{rel}","templated":true}]}}