{"id":1870,"date":"2022-10-24T17:47:51","date_gmt":"2022-10-24T15:47:51","guid":{"rendered":"https:\/\/martinezlacuesta.com\/cart\/"},"modified":"2023-01-12T09:04:51","modified_gmt":"2023-01-12T08:04:51","slug":"cart","status":"publish","type":"page","link":"https:\/\/martinezlacuesta.com\/en\/cart\/","title":{"rendered":"Cart"},"content":{"rendered":"\n\n\t\t\t\t<img loading=\"lazy\" decoding=\"async\" src=\"https:\/\/martinezlacuesta.com\/wp-content\/uploads\/2022\/09\/logo-nlack-fondo-martinezlacuesta.png\" alt=\"logo-nlack-fondo-martinezlacuesta\" itemprop=\"image\" height=\"83\" width=\"459\" title=\"logo-nlack-fondo-martinezlacuesta\" onerror=\"this.style.display='none'\"  \/>\n\t\t<h2>\n\t\t\tMART\u00cdNEZ LACUESTA\n\t\t<\/h2>\n\t\t\t<p>If you have any questions or comments, <a href=\"https:\/\/martinezlacuesta.com\/en\/contact\/\"><strong>contact us<\/strong>.<\/a><\/p>\t\t\n\t<p><a href=\"mailto:info@martinezlacuesta.com\">IF YOU ARE INTERESTED IN BUYING OUR WINES OUTSIDE SPAIN (IBERIAN PENINSULA AND BALEARIC ISLANDS) PLEASE CONTACT US<\/a><\/p>\n<form action=\"https:\/\/martinezlacuesta.com\/en\/cart\/\" method=\"post\">\n\t<table cellspacing=\"0\">\n\t\t<thead>\n\t\t\t<tr>\n\t\t\t\t<th>Remove item<\/th>\n\t\t\t\t<th>Thumbnail image<\/th>\n\t\t\t\t<th>Product<\/th>\n\t\t\t\t<th>Price<\/th>\n\t\t\t\t<th>Quantity<\/th>\n\t\t\t\t<th>Subtotal<\/th>\n\t\t\t<\/tr>\n\t\t<\/thead>\n\t\t<tbody>\n\t\t\t\t\t\t\t\t<tr>\n\t\t\t\t\t\t<td>\n\t\t\t\t\t\t\t<a href=\"https:\/\/martinezlacuesta.com\/en\/cart\/?remove_item=50125b105a1ce92933216ad5cc4c9680&#038;_wpnonce=6b4002cb88\" aria-label=\"Remove this item\" data-product_id=\"1751\" data-product_sku=\"\">&times;<\/a>\t\t\t\t\t\t<\/td>\n\t\t\t\t\t\t<td>\n\t\t\t\t\t\t<a href=\"https:\/\/martinezlacuesta.com\/en\/shop\/martinez-lacuesta-family\/martinez-lacuesta\/?attribute_pa_numero-de-botellas=1-bottle\"><img width=\"300\" height=\"300\" src=\"https:\/\/martinezlacuesta.com\/wp-content\/uploads\/\/vinos-martinez_lacuesta-martinezlacuesta_crianza-bodegas_martinez_lacuesta-300x300.png\" alt=\"Vino Mart\u00ednez Lacuesta 2018 Crianza de Bodegas Mart\u00ednez Lacuesta. Rioja\" decoding=\"async\" loading=\"lazy\" srcset=\"https:\/\/martinezlacuesta.com\/wp-content\/uploads\/\/vinos-martinez_lacuesta-martinezlacuesta_crianza-bodegas_martinez_lacuesta-300x300.png 300w, https:\/\/martinezlacuesta.com\/wp-content\/uploads\/vinos-martinez_lacuesta-martinezlacuesta_crianza-bodegas_martinez_lacuesta-100x100.png 100w, https:\/\/martinezlacuesta.com\/wp-content\/uploads\/vinos-martinez_lacuesta-martinezlacuesta_crianza-bodegas_martinez_lacuesta-150x150.png 150w\" sizes=\"auto, (max-width: 300px) 100vw, 300px\" \/><\/a>\t\t\t\t\t\t<\/td>\n\t\t\t\t\t\t<td data-title=\"Product\">\n\t\t\t\t\t\t<a href=\"https:\/\/martinezlacuesta.com\/en\/shop\/martinez-lacuesta-family\/martinez-lacuesta\/?attribute_pa_numero-de-botellas=1-bottle\">Mart\u00ednez Lacuesta 2018 &#8211; 1 bottle<\/a>\t\t\t\t\t\t<\/td>\n\t\t\t\t\t\t<td data-title=\"Price\">\n\t\t\t\t\t\t\t<bdi>9.78&euro;<\/bdi>\t\t\t\t\t\t<\/td>\n\t\t\t\t\t\t<td data-title=\"Quantity\">\n\t\t<label for=\"quantity_63bfbf238256d\">Mart\u00ednez Lacuesta 2018 &#8211; 1 bottle quantity<\/label>\n\t<input type=\"number\"\n\t\t\t\tid=\"quantity_63bfbf238256d\"\n\t\tclass=\"input-text qty text\"\n\t\tname=\"cart[50125b105a1ce92933216ad5cc4c9680][qty]\"\n\t\tvalue=\"1\"\n\t\ttitle=\"Qty\"\n\t\tsize=\"4\"\n\t\tmin=\"0\"\n\t\tmax=\"\"\n\t\t\t\t\tstep=\"1\"\n\t\t\tplaceholder=\"\"\n\t\t\tinputmode=\"numeric\"\n\t\t\tautocomplete=\"off\"\n\t\t\t\/>\n\t\t\t\t\t\t<\/td>\n\t\t\t\t\t\t<td data-title=\"Subtotal\">\n\t\t\t\t\t\t\t<bdi>9.78&euro;<\/bdi>\t\t\t\t\t\t<\/td>\n\t\t\t\t\t<\/tr>\n\t\t\t\t\t\t\t\t\t\t<tr>\n\t\t\t\t\t\t<td>\n\t\t\t\t\t\t\t<a href=\"https:\/\/martinezlacuesta.com\/en\/cart\/?remove_item=6146f7abe8c4c769232903107aa07405&#038;_wpnonce=6b4002cb88\" aria-label=\"Remove this item\" data-product_id=\"1751\" data-product_sku=\"\">&times;<\/a>\t\t\t\t\t\t<\/td>\n\t\t\t\t\t\t<td>\n\t\t\t\t\t\t<a href=\"https:\/\/martinezlacuesta.com\/en\/shop\/martinez-lacuesta-family\/martinez-lacuesta\/?attribute_pa_numero-de-botellas=box-6-bottles-en\"><img width=\"300\" height=\"300\" src=\"https:\/\/martinezlacuesta.com\/wp-content\/uploads\/\/vinos-martinez_lacuesta-martinezlacuesta_crianza-bodegas_martinez_lacuesta-300x300.png\" alt=\"Vino Mart\u00ednez Lacuesta 2018 Crianza de Bodegas Mart\u00ednez Lacuesta. Rioja\" decoding=\"async\" loading=\"lazy\" srcset=\"https:\/\/martinezlacuesta.com\/wp-content\/uploads\/\/vinos-martinez_lacuesta-martinezlacuesta_crianza-bodegas_martinez_lacuesta-300x300.png 300w, https:\/\/martinezlacuesta.com\/wp-content\/uploads\/vinos-martinez_lacuesta-martinezlacuesta_crianza-bodegas_martinez_lacuesta-100x100.png 100w, https:\/\/martinezlacuesta.com\/wp-content\/uploads\/vinos-martinez_lacuesta-martinezlacuesta_crianza-bodegas_martinez_lacuesta-150x150.png 150w\" sizes=\"auto, (max-width: 300px) 100vw, 300px\" \/><\/a>\t\t\t\t\t\t<\/td>\n\t\t\t\t\t\t<td data-title=\"Product\">\n\t\t\t\t\t\t<a href=\"https:\/\/martinezlacuesta.com\/en\/shop\/martinez-lacuesta-family\/martinez-lacuesta\/?attribute_pa_numero-de-botellas=box-6-bottles-en\">Mart\u00ednez Lacuesta 2018 &#8211; Box 6 bottles<\/a>\t\t\t\t\t\t<\/td>\n\t\t\t\t\t\t<td data-title=\"Price\">\n\t\t\t\t\t\t\t<bdi>117.36&euro;<\/bdi>\t\t\t\t\t\t<\/td>\n\t\t\t\t\t\t<td data-title=\"Quantity\">\n\t\t<label for=\"quantity_63bfbf2384fb7\">Mart\u00ednez Lacuesta 2018 &#8211; Box 6 bottles quantity<\/label>\n\t<input type=\"number\"\n\t\t\t\tid=\"quantity_63bfbf2384fb7\"\n\t\tclass=\"input-text qty text\"\n\t\tname=\"cart[6146f7abe8c4c769232903107aa07405][qty]\"\n\t\tvalue=\"2\"\n\t\ttitle=\"Qty\"\n\t\tsize=\"4\"\n\t\tmin=\"0\"\n\t\tmax=\"\"\n\t\t\t\t\tstep=\"1\"\n\t\t\tplaceholder=\"\"\n\t\t\tinputmode=\"numeric\"\n\t\t\tautocomplete=\"off\"\n\t\t\t\/>\n\t\t\t\t\t\t<\/td>\n\t\t\t\t\t\t<td data-title=\"Subtotal\">\n\t\t\t\t\t\t\t<bdi>234.72&euro;<\/bdi>\t\t\t\t\t\t<\/td>\n\t\t\t\t\t<\/tr>\n\t\t\t\t\t\t\t\t\t\t<tr>\n\t\t\t\t\t\t<td>\n\t\t\t\t\t\t\t<a href=\"https:\/\/martinezlacuesta.com\/en\/cart\/?remove_item=4a87d049cb4aaaeeb0a67971d364b01c&#038;_wpnonce=6b4002cb88\" aria-label=\"Remove this item\" data-product_id=\"1719\" data-product_sku=\"\">&times;<\/a>\t\t\t\t\t\t<\/td>\n\t\t\t\t\t\t<td>\n\t\t\t\t\t\t<a href=\"https:\/\/martinezlacuesta.com\/en\/shop\/enotourism\/regular-visit\/\"><img width=\"300\" height=\"300\" src=\"https:\/\/martinezlacuesta.com\/wp-content\/uploads\/\/enoturismo-min-visita_regular-bodegas_martinez_lacuesta-300x300.jpg\" alt=\"Casks room in Bodegas Mart\u00ednez Lacuesta\" decoding=\"async\" loading=\"lazy\" srcset=\"https:\/\/martinezlacuesta.com\/wp-content\/uploads\/\/enoturismo-min-visita_regular-bodegas_martinez_lacuesta-300x300.jpg 300w, https:\/\/martinezlacuesta.com\/wp-content\/uploads\/enoturismo-min-visita_regular-bodegas_martinez_lacuesta-150x150.jpg 150w, https:\/\/martinezlacuesta.com\/wp-content\/uploads\/enoturismo-min-visita_regular-bodegas_martinez_lacuesta-100x100.jpg 100w\" sizes=\"auto, (max-width: 300px) 100vw, 300px\" \/><\/a>\t\t\t\t\t\t<\/td>\n\t\t\t\t\t\t<td data-title=\"Product\">\n\t\t\t\t\t\t<a href=\"https:\/\/martinezlacuesta.com\/en\/shop\/enotourism\/regular-visit\/\">Regular visit<\/a><dl>\n\t\t\t<dt>Booking Date:<\/dt>\n\t\t<dd><p>17 de January de 2023<\/p>\n<\/dd>\n\t\t\t<dt>Booking Time:<\/dt>\n\t\t<dd><p>10:30<\/p>\n<\/dd>\n\t\t\t<dt>Adults:<\/dt>\n\t\t<dd><p>1<\/p>\n<\/dd>\n\t<\/dl>\n\t\t\t\t\t\t<\/td>\n\t\t\t\t\t\t<td data-title=\"Price\">\n\t\t\t\t\t\t\t<bdi>18.00&euro;<\/bdi>\t\t\t\t\t\t<\/td>\n\t\t\t\t\t\t<td data-title=\"Quantity\">\n\t\t<label for=\"quantity_63bfbf2387226\">Regular visit quantity<\/label>\n\t<input type=\"text\"\n\t\treadonly=\"readonly\"\t\tid=\"quantity_63bfbf2387226\"\n\t\tclass=\"input-text qty text\"\n\t\tname=\"cart[4a87d049cb4aaaeeb0a67971d364b01c][qty]\"\n\t\tvalue=\"1\"\n\t\ttitle=\"Qty\"\n\t\tsize=\"4\"\n\t\tmin=\"1\"\n\t\tmax=\"1\"\n\t\t\t\/>\n\t\t\t\t\t\t<\/td>\n\t\t\t\t\t\t<td data-title=\"Subtotal\">\n\t\t\t\t\t\t\t<bdi>18.00&euro;<\/bdi>\t\t\t\t\t\t<\/td>\n\t\t\t\t\t<\/tr>\n\t\t\t<tr>\n\t\t\t\t<td colspan=\"6\">\n\t\t\t\t\t\t\t<label for=\"coupon_code\">Coupon:<\/label> <input type=\"text\" name=\"coupon_code\" id=\"coupon_code\" value=\"\" placeholder=\"Coupon code\" \/> <button type=\"submit\" name=\"apply_coupon\" value=\"Apply coupon\">Apply coupon<\/button>\n\t\t\t\t\t<button type=\"submit\" name=\"update_cart\" value=\"Update cart\">Update cart<\/button>\n\t\t\t\t\t<input type=\"hidden\" id=\"woocommerce-cart-nonce\" name=\"woocommerce-cart-nonce\" value=\"6b4002cb88\" \/><input type=\"hidden\" name=\"_wp_http_referer\" value=\"\/en\/?page_id=1870&#038;fl_builder\" \/>\t\t\t\t<\/td>\n\t\t\t<\/tr>\n\t\t\t\t\t<\/tbody>\n\t<\/table>\n\t<\/form>\n\t<h2>Cart totals<\/h2>\n\t<table cellspacing=\"0\">\n\t\t<tr>\n\t\t\t<th>Subtotal<\/th>\n\t\t\t<td data-title=\"Subtotal\"><bdi>262.50&euro;<\/bdi><\/td>\n\t\t<\/tr>\n\t\t\t<tr>\n\t<th>Shipping<\/th>\n\t<td data-title=\"Shipping\">\n\t\t<p>Lo sentimos, ahora mismo no hay m\u00e9todos de env\u00edo disponibles para tu direcci\u00f3n.<\/p>\n<form action=\"https:\/\/martinezlacuesta.com\/en\/cart\/\" method=\"post\">\n\t<a href=\"#\">Enter a different address<\/a>\n\t<section>\n\t\t\t\t\t\n\t\t\t\t<label for=\"calc_shipping_country\">Country \/ region:<\/label>\n\t\t\t\t<select name=\"calc_shipping_country\" id=\"calc_shipping_country\" rel=\"calc_shipping_state\">\n\t\t\t\t\t<option value=\"default\">Select a country \/ region&hellip;<\/option>\n\t\t\t\t\t<option value=\"ES\" selected='selected'>Spain<\/option>\t\t\t\t<\/select>\n\t\t\t\n\t\t\t\t\t\n\t\t\t\t\t\t<label for=\"calc_shipping_state\">State \/ County:<\/label>\n\t\t\t\t\t\t<select name=\"calc_shipping_state\" id=\"calc_shipping_state\" data-placeholder=\"State \/ County\">\n\t\t\t\t\t\t\t<option value=\"\">Select an option&hellip;<\/option>\n\t\t\t\t\t\t\t<option value=\"C\">A Coru\u00f1a<\/option><option value=\"VI\">Araba\/\u00c1lava<\/option><option value=\"AB\">Albacete<\/option><option value=\"A\">Alicante<\/option><option value=\"AL\">Almer\u00eda<\/option><option value=\"O\">Asturias<\/option><option value=\"AV\">\u00c1vila<\/option><option value=\"BA\">Badajoz<\/option><option value=\"PM\">Baleares<\/option><option value=\"B\">Barcelona<\/option><option value=\"BU\">Burgos<\/option><option value=\"CC\">C\u00e1ceres<\/option><option value=\"CA\">C\u00e1diz<\/option><option value=\"S\">Cantabria<\/option><option value=\"CS\">Castell\u00f3n<\/option><option value=\"CE\">Ceuta<\/option><option value=\"CR\">Ciudad Real<\/option><option value=\"CO\">C\u00f3rdoba<\/option><option value=\"CU\">Cuenca<\/option><option value=\"GI\">Girona<\/option><option value=\"GR\">Granada<\/option><option value=\"GU\">Guadalajara<\/option><option value=\"SS\">Gipuzkoa<\/option><option value=\"H\">Huelva<\/option><option value=\"HU\">Huesca<\/option><option value=\"J\"  selected='selected'>Ja\u00e9n<\/option><option value=\"LO\">La Rioja<\/option><option value=\"GC\">Las Palmas<\/option><option value=\"LE\">Le\u00f3n<\/option><option value=\"L\">Lleida<\/option><option value=\"LU\">Lugo<\/option><option value=\"M\">Madrid<\/option><option value=\"MA\">M\u00e1laga<\/option><option value=\"ML\">Melilla<\/option><option value=\"MU\">Murcia<\/option><option value=\"NA\">Navarra<\/option><option value=\"OR\">Ourense<\/option><option value=\"P\">Palencia<\/option><option value=\"PO\">Pontevedra<\/option><option value=\"SA\">Salamanca<\/option><option value=\"TF\">Santa Cruz de Tenerife<\/option><option value=\"SG\">Segovia<\/option><option value=\"SE\">Sevilla<\/option><option value=\"SO\">Soria<\/option><option value=\"T\">Tarragona<\/option><option value=\"TE\">Teruel<\/option><option value=\"TO\">Toledo<\/option><option value=\"V\">Valencia<\/option><option value=\"VA\">Valladolid<\/option><option value=\"BI\">Biscay<\/option><option value=\"ZA\">Zamora<\/option><option value=\"Z\">Zaragoza<\/option>\t\t\t\t\t\t<\/select>\n\t\t\t\t\t\t\t\t\n\t\t\t\t\t\n\t\t\t\t<label for=\"calc_shipping_city\">City:<\/label>\n\t\t\t\t<input type=\"text\" value=\"Logro\u00f1o\" placeholder=\"City\" name=\"calc_shipping_city\" id=\"calc_shipping_city\" \/>\n\t\t\t\n\t\t\t\t\t\n\t\t\t\t<label for=\"calc_shipping_postcode\">Postcode \/ ZIP:<\/label>\n\t\t\t\t<input type=\"text\" value=\"26007\" placeholder=\"Postcode \/ ZIP\" name=\"calc_shipping_postcode\" id=\"calc_shipping_postcode\" \/>\n\t\t\t\n\t\t<p><button type=\"submit\" name=\"calc_shipping\" value=\"1\">Update<\/button><\/p>\n\t\t<input type=\"hidden\" id=\"woocommerce-shipping-calculator-nonce\" name=\"woocommerce-shipping-calculator-nonce\" value=\"e59f625d28\" \/><input type=\"hidden\" name=\"_wp_http_referer\" value=\"\/en\/?page_id=1870&#038;fl_builder\" \/>\t<\/section>\n<\/form>\n\t\t\t<\/td>\n<\/tr>\n\t\t<tr>\n\t\t\t<th>Total<\/th>\n\t\t\t<td data-title=\"Total\"><strong><bdi>262.50&euro;<\/bdi><\/strong> <small>(includes 45.56&euro; IVA)<\/small><\/td>\n\t\t<\/tr>\n\t<\/table>\n<a href=\"https:\/\/martinezlacuesta.com\/en\/checkout\/\">\n\tProceed to checkout<\/a>\n\n","protected":false},"excerpt":{"rendered":"<p>MART\u00cdNEZ LACUESTA If you have any questions or comments, contact us. IF YOU ARE INTERESTED IN BUYING OUR WINES OUTSIDE SPAIN (IBERIAN PENINSULA AND BALEARIC ISLANDS) PLEASE CONTACT US Remove item Thumbnail image Product Price Quantity Subtotal &times; Mart\u00ednez Lacuesta 2018 &#8211; 1 bottle 9.78&euro; Mart\u00ednez Lacuesta 2018 &#8211; 1 bottle quantity 9.78&euro; &times; Mart\u00ednez&hellip;<\/p>\n","protected":false},"author":1,"featured_media":0,"parent":0,"menu_order":0,"comment_status":"closed","ping_status":"closed","template":"","meta":{"_acf_changed":false,"footnotes":""},"class_list":["post-1870","page","type-page","status-publish","hentry"],"acf":[],"yoast_head":"<!-- This site is optimized with the Yoast SEO plugin v27.6 - https:\/\/yoast.com\/product\/yoast-seo-wordpress\/ -->\n<title>Cart - Bodegas Mart\u00ednez Lacuesta<\/title>\n<meta name=\"robots\" content=\"index, follow, max-snippet:-1, max-image-preview:large, max-video-preview:-1\" \/>\n<link rel=\"canonical\" href=\"https:\/\/martinezlacuesta.com\/en\/cart\/\" \/>\n<meta property=\"og:locale\" content=\"en_US\" \/>\n<meta property=\"og:type\" content=\"article\" \/>\n<meta property=\"og:title\" content=\"Cart - Bodegas Mart\u00ednez Lacuesta\" \/>\n<meta property=\"og:description\" content=\"MART\u00cdNEZ LACUESTA If you have any questions or comments, contact us. IF YOU ARE INTERESTED IN BUYING OUR WINES OUTSIDE SPAIN (IBERIAN PENINSULA AND BALEARIC ISLANDS) PLEASE CONTACT US Remove item Thumbnail image Product Price Quantity Subtotal &times; Mart\u00ednez Lacuesta 2018 &#8211; 1 bottle 9.78&euro; Mart\u00ednez Lacuesta 2018 &#8211; 1 bottle quantity 9.78&euro; &times; Mart\u00ednez&hellip;\" \/>\n<meta property=\"og:url\" content=\"https:\/\/martinezlacuesta.com\/en\/cart\/\" \/>\n<meta property=\"og:site_name\" content=\"Bodegas Mart\u00ednez Lacuesta\" \/>\n<meta property=\"article:publisher\" content=\"https:\/\/www.facebook.com\/MartinezLacuesta\" \/>\n<meta property=\"article:modified_time\" content=\"2023-01-12T08:04:51+00:00\" \/>\n<meta property=\"og:image\" content=\"https:\/\/martinezlacuesta.com\/wp-content\/uploads\/2022\/09\/logo-nlack-fondo-martinezlacuesta.png\" \/>\n<meta name=\"twitter:card\" content=\"summary_large_image\" \/>\n<meta name=\"twitter:site\" content=\"@BodegaLacuesta\" \/>\n<meta name=\"twitter:label1\" content=\"Est. reading time\" \/>\n\t<meta name=\"twitter:data1\" content=\"1 minute\" \/>\n<script type=\"application\/ld+json\" class=\"yoast-schema-graph\">{\"@context\":\"https:\\\/\\\/schema.org\",\"@graph\":[{\"@type\":\"WebPage\",\"@id\":\"https:\\\/\\\/martinezlacuesta.com\\\/en\\\/cart\\\/\",\"url\":\"https:\\\/\\\/martinezlacuesta.com\\\/en\\\/cart\\\/\",\"name\":\"Cart - Bodegas Mart\u00ednez Lacuesta\",\"isPartOf\":{\"@id\":\"https:\\\/\\\/martinezlacuesta.com\\\/en\\\/#website\"},\"primaryImageOfPage\":{\"@id\":\"https:\\\/\\\/martinezlacuesta.com\\\/en\\\/cart\\\/#primaryimage\"},\"image\":{\"@id\":\"https:\\\/\\\/martinezlacuesta.com\\\/en\\\/cart\\\/#primaryimage\"},\"thumbnailUrl\":\"https:\\\/\\\/martinezlacuesta.com\\\/wp-content\\\/uploads\\\/2022\\\/09\\\/logo-nlack-fondo-martinezlacuesta.png\",\"datePublished\":\"2022-10-24T15:47:51+00:00\",\"dateModified\":\"2023-01-12T08:04:51+00:00\",\"breadcrumb\":{\"@id\":\"https:\\\/\\\/martinezlacuesta.com\\\/en\\\/cart\\\/#breadcrumb\"},\"inLanguage\":\"en-US\",\"potentialAction\":[{\"@type\":\"ReadAction\",\"target\":[\"https:\\\/\\\/martinezlacuesta.com\\\/en\\\/cart\\\/\"]}]},{\"@type\":\"ImageObject\",\"inLanguage\":\"en-US\",\"@id\":\"https:\\\/\\\/martinezlacuesta.com\\\/en\\\/cart\\\/#primaryimage\",\"url\":\"https:\\\/\\\/martinezlacuesta.com\\\/wp-content\\\/uploads\\\/2022\\\/09\\\/logo-nlack-fondo-martinezlacuesta.png\",\"contentUrl\":\"https:\\\/\\\/martinezlacuesta.com\\\/wp-content\\\/uploads\\\/2022\\\/09\\\/logo-nlack-fondo-martinezlacuesta.png\"},{\"@type\":\"BreadcrumbList\",\"@id\":\"https:\\\/\\\/martinezlacuesta.com\\\/en\\\/cart\\\/#breadcrumb\",\"itemListElement\":[{\"@type\":\"ListItem\",\"position\":1,\"name\":\"Portada\",\"item\":\"https:\\\/\\\/martinezlacuesta.com\\\/en\\\/\"},{\"@type\":\"ListItem\",\"position\":2,\"name\":\"Cart\"}]},{\"@type\":\"WebSite\",\"@id\":\"https:\\\/\\\/martinezlacuesta.com\\\/en\\\/#website\",\"url\":\"https:\\\/\\\/martinezlacuesta.com\\\/en\\\/\",\"name\":\"https:\\\/\\\/martinezlacuesta.com\\\/\",\"description\":\"Descubre Bodegas Martinez Lacuesta en Haro, una de las Bodegas Centenarias de La Rioja.\",\"publisher\":{\"@id\":\"https:\\\/\\\/martinezlacuesta.com\\\/en\\\/#organization\"},\"potentialAction\":[{\"@type\":\"SearchAction\",\"target\":{\"@type\":\"EntryPoint\",\"urlTemplate\":\"https:\\\/\\\/martinezlacuesta.com\\\/en\\\/?s={search_term_string}\"},\"query-input\":{\"@type\":\"PropertyValueSpecification\",\"valueRequired\":true,\"valueName\":\"search_term_string\"}}],\"inLanguage\":\"en-US\"},{\"@type\":\"Organization\",\"@id\":\"https:\\\/\\\/martinezlacuesta.com\\\/en\\\/#organization\",\"name\":\"Bodegas Mart\u00ednez Lacuesta\",\"url\":\"https:\\\/\\\/martinezlacuesta.com\\\/en\\\/\",\"logo\":{\"@type\":\"ImageObject\",\"inLanguage\":\"en-US\",\"@id\":\"https:\\\/\\\/martinezlacuesta.com\\\/en\\\/#\\\/schema\\\/logo\\\/image\\\/\",\"url\":\"https:\\\/\\\/martinezlacuesta.com\\\/wp-content\\\/uploads\\\/logo-escudo_Martinez_Lacuesta-color-martinezlacuesta.png\",\"contentUrl\":\"https:\\\/\\\/martinezlacuesta.com\\\/wp-content\\\/uploads\\\/logo-escudo_Martinez_Lacuesta-color-martinezlacuesta.png\",\"width\":315,\"height\":149,\"caption\":\"Bodegas Mart\u00ednez Lacuesta\"},\"image\":{\"@id\":\"https:\\\/\\\/martinezlacuesta.com\\\/en\\\/#\\\/schema\\\/logo\\\/image\\\/\"},\"sameAs\":[\"https:\\\/\\\/www.facebook.com\\\/MartinezLacuesta\",\"https:\\\/\\\/x.com\\\/BodegaLacuesta\",\"https:\\\/\\\/www.instagram.com\\\/bodegasmartinezlacuesta\\\/\",\"https:\\\/\\\/www.youtube.com\\\/@bodegasmartinezlacuesta6819\\\/videos\",\"https:\\\/\\\/www.linkedin.com\\\/company\\\/bodegas-martnez-lacuesta-s.a.\\\/\"]}]}<\/script>\n<!-- \/ Yoast SEO plugin. -->","yoast_head_json":{"title":"Cart - Bodegas Mart\u00ednez Lacuesta","robots":{"index":"index","follow":"follow","max-snippet":"max-snippet:-1","max-image-preview":"max-image-preview:large","max-video-preview":"max-video-preview:-1"},"canonical":"https:\/\/martinezlacuesta.com\/en\/cart\/","og_locale":"en_US","og_type":"article","og_title":"Cart - Bodegas Mart\u00ednez Lacuesta","og_description":"MART\u00cdNEZ LACUESTA If you have any questions or comments, contact us. IF YOU ARE INTERESTED IN BUYING OUR WINES OUTSIDE SPAIN (IBERIAN PENINSULA AND BALEARIC ISLANDS) PLEASE CONTACT US Remove item Thumbnail image Product Price Quantity Subtotal &times; Mart\u00ednez Lacuesta 2018 &#8211; 1 bottle 9.78&euro; Mart\u00ednez Lacuesta 2018 &#8211; 1 bottle quantity 9.78&euro; &times; Mart\u00ednez&hellip;","og_url":"https:\/\/martinezlacuesta.com\/en\/cart\/","og_site_name":"Bodegas Mart\u00ednez Lacuesta","article_publisher":"https:\/\/www.facebook.com\/MartinezLacuesta","article_modified_time":"2023-01-12T08:04:51+00:00","og_image":[{"url":"https:\/\/martinezlacuesta.com\/wp-content\/uploads\/2022\/09\/logo-nlack-fondo-martinezlacuesta.png","type":"","width":"","height":""}],"twitter_card":"summary_large_image","twitter_site":"@BodegaLacuesta","twitter_misc":{"Est. reading time":"1 minute"},"schema":{"@context":"https:\/\/schema.org","@graph":[{"@type":"WebPage","@id":"https:\/\/martinezlacuesta.com\/en\/cart\/","url":"https:\/\/martinezlacuesta.com\/en\/cart\/","name":"Cart - Bodegas Mart\u00ednez Lacuesta","isPartOf":{"@id":"https:\/\/martinezlacuesta.com\/en\/#website"},"primaryImageOfPage":{"@id":"https:\/\/martinezlacuesta.com\/en\/cart\/#primaryimage"},"image":{"@id":"https:\/\/martinezlacuesta.com\/en\/cart\/#primaryimage"},"thumbnailUrl":"https:\/\/martinezlacuesta.com\/wp-content\/uploads\/2022\/09\/logo-nlack-fondo-martinezlacuesta.png","datePublished":"2022-10-24T15:47:51+00:00","dateModified":"2023-01-12T08:04:51+00:00","breadcrumb":{"@id":"https:\/\/martinezlacuesta.com\/en\/cart\/#breadcrumb"},"inLanguage":"en-US","potentialAction":[{"@type":"ReadAction","target":["https:\/\/martinezlacuesta.com\/en\/cart\/"]}]},{"@type":"ImageObject","inLanguage":"en-US","@id":"https:\/\/martinezlacuesta.com\/en\/cart\/#primaryimage","url":"https:\/\/martinezlacuesta.com\/wp-content\/uploads\/2022\/09\/logo-nlack-fondo-martinezlacuesta.png","contentUrl":"https:\/\/martinezlacuesta.com\/wp-content\/uploads\/2022\/09\/logo-nlack-fondo-martinezlacuesta.png"},{"@type":"BreadcrumbList","@id":"https:\/\/martinezlacuesta.com\/en\/cart\/#breadcrumb","itemListElement":[{"@type":"ListItem","position":1,"name":"Portada","item":"https:\/\/martinezlacuesta.com\/en\/"},{"@type":"ListItem","position":2,"name":"Cart"}]},{"@type":"WebSite","@id":"https:\/\/martinezlacuesta.com\/en\/#website","url":"https:\/\/martinezlacuesta.com\/en\/","name":"https:\/\/martinezlacuesta.com\/","description":"Descubre Bodegas Martinez Lacuesta en Haro, una de las Bodegas Centenarias de La Rioja.","publisher":{"@id":"https:\/\/martinezlacuesta.com\/en\/#organization"},"potentialAction":[{"@type":"SearchAction","target":{"@type":"EntryPoint","urlTemplate":"https:\/\/martinezlacuesta.com\/en\/?s={search_term_string}"},"query-input":{"@type":"PropertyValueSpecification","valueRequired":true,"valueName":"search_term_string"}}],"inLanguage":"en-US"},{"@type":"Organization","@id":"https:\/\/martinezlacuesta.com\/en\/#organization","name":"Bodegas Mart\u00ednez Lacuesta","url":"https:\/\/martinezlacuesta.com\/en\/","logo":{"@type":"ImageObject","inLanguage":"en-US","@id":"https:\/\/martinezlacuesta.com\/en\/#\/schema\/logo\/image\/","url":"https:\/\/martinezlacuesta.com\/wp-content\/uploads\/logo-escudo_Martinez_Lacuesta-color-martinezlacuesta.png","contentUrl":"https:\/\/martinezlacuesta.com\/wp-content\/uploads\/logo-escudo_Martinez_Lacuesta-color-martinezlacuesta.png","width":315,"height":149,"caption":"Bodegas Mart\u00ednez Lacuesta"},"image":{"@id":"https:\/\/martinezlacuesta.com\/en\/#\/schema\/logo\/image\/"},"sameAs":["https:\/\/www.facebook.com\/MartinezLacuesta","https:\/\/x.com\/BodegaLacuesta","https:\/\/www.instagram.com\/bodegasmartinezlacuesta\/","https:\/\/www.youtube.com\/@bodegasmartinezlacuesta6819\/videos","https:\/\/www.linkedin.com\/company\/bodegas-martnez-lacuesta-s.a.\/"]}]}},"_links":{"self":[{"href":"https:\/\/martinezlacuesta.com\/en\/wp-json\/wp\/v2\/pages\/1870","targetHints":{"allow":["GET"]}}],"collection":[{"href":"https:\/\/martinezlacuesta.com\/en\/wp-json\/wp\/v2\/pages"}],"about":[{"href":"https:\/\/martinezlacuesta.com\/en\/wp-json\/wp\/v2\/types\/page"}],"author":[{"embeddable":true,"href":"https:\/\/martinezlacuesta.com\/en\/wp-json\/wp\/v2\/users\/1"}],"replies":[{"embeddable":true,"href":"https:\/\/martinezlacuesta.com\/en\/wp-json\/wp\/v2\/comments?post=1870"}],"version-history":[{"count":0,"href":"https:\/\/martinezlacuesta.com\/en\/wp-json\/wp\/v2\/pages\/1870\/revisions"}],"wp:attachment":[{"href":"https:\/\/martinezlacuesta.com\/en\/wp-json\/wp\/v2\/media?parent=1870"}],"curies":[{"name":"wp","href":"https:\/\/api.w.org\/{rel}","templated":true}]}}