{"id":1751,"date":"2022-11-09T12:31:14","date_gmt":"2022-11-09T11:31:14","guid":{"rendered":"https:\/\/martinezlacuesta.com\/tienda\/sin%20categor\u00eda\/martinez-lacuesta-2018\/"},"modified":"2025-11-26T13:01:06","modified_gmt":"2025-11-26T12:01:06","slug":"martinez-lacuesta","status":"publish","type":"product","link":"https:\/\/martinezlacuesta.com\/en\/shop\/martinez-lacuesta-family\/martinez-lacuesta\/","title":{"rendered":"Mart\u00ednez Lacuesta Cuv\u00e9e"},"content":{"rendered":"<p><em>100 % Tempranillo. Elegance, refinement and subtlety in an ensemble of nuances. A wine for whom the passing of time marks its production and ageing. In the bottle, this is a refined wine, with balance and well-roundedness its principal virtues. A Haro wine by definition.<\/em><\/p>\n<p>Grapes from our Haro vineyard, harvested by hand, natural fermentation and the precise length of ageing and manual decanting that Mart\u00ednez Lacuesta has employed since the winery was founded. The result is a fresh, very natural wine, produced in a gentle, unhurried fashion to reveal an elegant finish with a lingering hint of fruit.<\/p>\n<p><em>*Contains sulphites<\/em><\/p>\n","protected":false},"excerpt":{"rendered":"<p>The wine of Haro, representing a whole lifetime, a whole history. The essence of Haro<\/p>\n","protected":false},"featured_media":9821,"template":"","meta":{"_acf_changed":false},"product_brand":[],"product_cat":[62],"product_tag":[],"class_list":{"0":"post-1751","1":"product","2":"type-product","3":"status-publish","4":"has-post-thumbnail","6":"product_cat-martinez-lacuesta-family","8":"first","9":"instock","10":"taxable","11":"shipping-taxable","12":"purchasable","13":"product-type-variable","14":"has-default-attributes"},"booking_location":null,"booking_location_type":null,"booking_duration":null,"booking_duration_unit":null,"booking_buffer":null,"booking_cost":null,"booking_resources":null,"acf":[],"yoast_head":"<!-- This site is optimized with the Yoast SEO plugin v27.2 - https:\/\/yoast.com\/product\/yoast-seo-wordpress\/ -->\n<title>Compra nuestro Vino Mart\u00ednez Lacuesta Cuv\u00e9e 2019<\/title>\n<meta name=\"description\" content=\"Disfruta de nuestro Mart\u00ednez Lacuesta Cuv\u00e9e 2019, un vino crianza 100 % Tempranillo. Elegance, refinement and subtlety in an ensemble of nuances.\" \/>\n<meta name=\"robots\" content=\"index, follow, max-snippet:-1, max-image-preview:large, max-video-preview:-1\" \/>\n<link rel=\"canonical\" href=\"https:\/\/martinezlacuesta.com\/en\/shop\/martinez-lacuesta-family\/martinez-lacuesta\/\" \/>\n<meta property=\"og:locale\" content=\"en_US\" \/>\n<meta property=\"og:type\" content=\"article\" \/>\n<meta property=\"og:title\" content=\"Compra nuestro Vino Mart\u00ednez Lacuesta 2018 Crianza\" \/>\n<meta property=\"og:description\" content=\"Disfruta de nuestro Mart\u00ednez Lacuesta 2018, un vino crianza 100 % Tempranillo. Elegance, refinement and subtlety in an ensemble of nuances.\" \/>\n<meta property=\"og:url\" content=\"https:\/\/martinezlacuesta.com\/en\/shop\/martinez-lacuesta-family\/martinez-lacuesta\/\" \/>\n<meta property=\"og:site_name\" content=\"Bodegas Mart\u00ednez Lacuesta\" \/>\n<meta property=\"article:publisher\" content=\"https:\/\/www.facebook.com\/MartinezLacuesta\" \/>\n<meta property=\"article:modified_time\" content=\"2025-11-26T12:01:06+00:00\" \/>\n<meta property=\"og:image\" content=\"https:\/\/martinezlacuesta.com\/wp-content\/uploads\/vinos-martinez_lacuesta-martinezlacuesta_crianza-bodegas_martinez_lacuesta-444x1024.png\" \/>\n<meta name=\"twitter:card\" content=\"summary_large_image\" \/>\n<meta name=\"twitter:title\" content=\"Compra nuestro Vino Mart\u00ednez Lacuesta 2018 Crianza\" \/>\n<meta name=\"twitter:description\" content=\"Disfruta de nuestro Mart\u00ednez Lacuesta 2018, un vino crianza 100 % Tempranillo. Elegance, refinement and subtlety in an ensemble of nuances.\" \/>\n<meta name=\"twitter:image\" content=\"https:\/\/martinezlacuesta.com\/wp-content\/uploads\/vinos-martinez_lacuesta-martinezlacuesta_crianza-bodegas_martinez_lacuesta.png\" \/>\n<meta name=\"twitter:site\" content=\"@BodegaLacuesta\" \/>\n<meta name=\"twitter:label1\" content=\"Est. reading time\" \/>\n\t<meta name=\"twitter:data1\" content=\"1 minute\" \/>\n<script type=\"application\/ld+json\" class=\"yoast-schema-graph\">{\"@context\":\"https:\/\/schema.org\",\"@graph\":[{\"@type\":\"WebPage\",\"@id\":\"https:\/\/martinezlacuesta.com\/en\/shop\/martinez-lacuesta-family\/martinez-lacuesta\/\",\"url\":\"https:\/\/martinezlacuesta.com\/en\/shop\/martinez-lacuesta-family\/martinez-lacuesta\/\",\"name\":\"Compra nuestro Vino Mart\u00ednez Lacuesta Cuv\u00e9e 2019\",\"isPartOf\":{\"@id\":\"https:\/\/martinezlacuesta.com\/en\/#website\"},\"primaryImageOfPage\":{\"@id\":\"https:\/\/martinezlacuesta.com\/en\/shop\/martinez-lacuesta-family\/martinez-lacuesta\/#primaryimage\"},\"image\":{\"@id\":\"https:\/\/martinezlacuesta.com\/en\/shop\/martinez-lacuesta-family\/martinez-lacuesta\/#primaryimage\"},\"thumbnailUrl\":\"https:\/\/martinezlacuesta.com\/wp-content\/uploads\/martinez_lacuesta_cuvee.png\",\"datePublished\":\"2022-11-09T11:31:14+00:00\",\"dateModified\":\"2025-11-26T12:01:06+00:00\",\"description\":\"Disfruta de nuestro Mart\u00ednez Lacuesta Cuv\u00e9e 2019, un vino crianza 100 % Tempranillo. Elegance, refinement and subtlety in an ensemble of nuances.\",\"breadcrumb\":{\"@id\":\"https:\/\/martinezlacuesta.com\/en\/shop\/martinez-lacuesta-family\/martinez-lacuesta\/#breadcrumb\"},\"inLanguage\":\"en-US\",\"potentialAction\":[{\"@type\":\"ReadAction\",\"target\":[\"https:\/\/martinezlacuesta.com\/en\/shop\/martinez-lacuesta-family\/martinez-lacuesta\/\"]}]},{\"@type\":\"ImageObject\",\"inLanguage\":\"en-US\",\"@id\":\"https:\/\/martinezlacuesta.com\/en\/shop\/martinez-lacuesta-family\/martinez-lacuesta\/#primaryimage\",\"url\":\"https:\/\/martinezlacuesta.com\/wp-content\/uploads\/martinez_lacuesta_cuvee.png\",\"contentUrl\":\"https:\/\/martinezlacuesta.com\/wp-content\/uploads\/martinez_lacuesta_cuvee.png\",\"width\":477,\"height\":1100,\"caption\":\"Vino tinto Mart\u00ednez Lacuesta Cuv\u00e9e\"},{\"@type\":\"BreadcrumbList\",\"@id\":\"https:\/\/martinezlacuesta.com\/en\/shop\/martinez-lacuesta-family\/martinez-lacuesta\/#breadcrumb\",\"itemListElement\":[{\"@type\":\"ListItem\",\"position\":1,\"name\":\"Portada\",\"item\":\"https:\/\/martinezlacuesta.com\/en\/\"},{\"@type\":\"ListItem\",\"position\":2,\"name\":\"Shop\",\"item\":\"https:\/\/martinezlacuesta.com\/en\/shop\/\"},{\"@type\":\"ListItem\",\"position\":3,\"name\":\"Mart\u00ednez Lacuesta Cuv\u00e9e\"}]},{\"@type\":\"WebSite\",\"@id\":\"https:\/\/martinezlacuesta.com\/en\/#website\",\"url\":\"https:\/\/martinezlacuesta.com\/en\/\",\"name\":\"https:\/\/martinezlacuesta.com\/\",\"description\":\"Descubre Bodegas Martinez Lacuesta en Haro, una de las Bodegas Centenarias de La Rioja.\",\"publisher\":{\"@id\":\"https:\/\/martinezlacuesta.com\/en\/#organization\"},\"potentialAction\":[{\"@type\":\"SearchAction\",\"target\":{\"@type\":\"EntryPoint\",\"urlTemplate\":\"https:\/\/martinezlacuesta.com\/en\/?s={search_term_string}\"},\"query-input\":{\"@type\":\"PropertyValueSpecification\",\"valueRequired\":true,\"valueName\":\"search_term_string\"}}],\"inLanguage\":\"en-US\"},{\"@type\":\"Organization\",\"@id\":\"https:\/\/martinezlacuesta.com\/en\/#organization\",\"name\":\"Bodegas Mart\u00ednez Lacuesta\",\"url\":\"https:\/\/martinezlacuesta.com\/en\/\",\"logo\":{\"@type\":\"ImageObject\",\"inLanguage\":\"en-US\",\"@id\":\"https:\/\/martinezlacuesta.com\/en\/#\/schema\/logo\/image\/\",\"url\":\"https:\/\/martinezlacuesta.com\/wp-content\/uploads\/logo-escudo_Martinez_Lacuesta-color-martinezlacuesta.png\",\"contentUrl\":\"https:\/\/martinezlacuesta.com\/wp-content\/uploads\/logo-escudo_Martinez_Lacuesta-color-martinezlacuesta.png\",\"width\":315,\"height\":149,\"caption\":\"Bodegas Mart\u00ednez Lacuesta\"},\"image\":{\"@id\":\"https:\/\/martinezlacuesta.com\/en\/#\/schema\/logo\/image\/\"},\"sameAs\":[\"https:\/\/www.facebook.com\/MartinezLacuesta\",\"https:\/\/x.com\/BodegaLacuesta\",\"https:\/\/www.instagram.com\/bodegasmartinezlacuesta\/\",\"https:\/\/www.youtube.com\/@bodegasmartinezlacuesta6819\/videos\",\"https:\/\/www.linkedin.com\/company\/bodegas-martnez-lacuesta-s.a.\/\"]}]}<\/script>\n<!-- \/ Yoast SEO plugin. -->","yoast_head_json":{"title":"Compra nuestro Vino Mart\u00ednez Lacuesta Cuv\u00e9e 2019","description":"Disfruta de nuestro Mart\u00ednez Lacuesta Cuv\u00e9e 2019, un vino crianza 100 % Tempranillo. Elegance, refinement and subtlety in an ensemble of nuances.","robots":{"index":"index","follow":"follow","max-snippet":"max-snippet:-1","max-image-preview":"max-image-preview:large","max-video-preview":"max-video-preview:-1"},"canonical":"https:\/\/martinezlacuesta.com\/en\/shop\/martinez-lacuesta-family\/martinez-lacuesta\/","og_locale":"en_US","og_type":"article","og_title":"Compra nuestro Vino Mart\u00ednez Lacuesta 2018 Crianza","og_description":"Disfruta de nuestro Mart\u00ednez Lacuesta 2018, un vino crianza 100 % Tempranillo. Elegance, refinement and subtlety in an ensemble of nuances.","og_url":"https:\/\/martinezlacuesta.com\/en\/shop\/martinez-lacuesta-family\/martinez-lacuesta\/","og_site_name":"Bodegas Mart\u00ednez Lacuesta","article_publisher":"https:\/\/www.facebook.com\/MartinezLacuesta","article_modified_time":"2025-11-26T12:01:06+00:00","og_image":[{"url":"https:\/\/martinezlacuesta.com\/wp-content\/uploads\/vinos-martinez_lacuesta-martinezlacuesta_crianza-bodegas_martinez_lacuesta-444x1024.png","type":"","width":"","height":""}],"twitter_card":"summary_large_image","twitter_title":"Compra nuestro Vino Mart\u00ednez Lacuesta 2018 Crianza","twitter_description":"Disfruta de nuestro Mart\u00ednez Lacuesta 2018, un vino crianza 100 % Tempranillo. Elegance, refinement and subtlety in an ensemble of nuances.","twitter_image":"https:\/\/martinezlacuesta.com\/wp-content\/uploads\/vinos-martinez_lacuesta-martinezlacuesta_crianza-bodegas_martinez_lacuesta.png","twitter_site":"@BodegaLacuesta","twitter_misc":{"Est. reading time":"1 minute"},"schema":{"@context":"https:\/\/schema.org","@graph":[{"@type":"WebPage","@id":"https:\/\/martinezlacuesta.com\/en\/shop\/martinez-lacuesta-family\/martinez-lacuesta\/","url":"https:\/\/martinezlacuesta.com\/en\/shop\/martinez-lacuesta-family\/martinez-lacuesta\/","name":"Compra nuestro Vino Mart\u00ednez Lacuesta Cuv\u00e9e 2019","isPartOf":{"@id":"https:\/\/martinezlacuesta.com\/en\/#website"},"primaryImageOfPage":{"@id":"https:\/\/martinezlacuesta.com\/en\/shop\/martinez-lacuesta-family\/martinez-lacuesta\/#primaryimage"},"image":{"@id":"https:\/\/martinezlacuesta.com\/en\/shop\/martinez-lacuesta-family\/martinez-lacuesta\/#primaryimage"},"thumbnailUrl":"https:\/\/martinezlacuesta.com\/wp-content\/uploads\/martinez_lacuesta_cuvee.png","datePublished":"2022-11-09T11:31:14+00:00","dateModified":"2025-11-26T12:01:06+00:00","description":"Disfruta de nuestro Mart\u00ednez Lacuesta Cuv\u00e9e 2019, un vino crianza 100 % Tempranillo. Elegance, refinement and subtlety in an ensemble of nuances.","breadcrumb":{"@id":"https:\/\/martinezlacuesta.com\/en\/shop\/martinez-lacuesta-family\/martinez-lacuesta\/#breadcrumb"},"inLanguage":"en-US","potentialAction":[{"@type":"ReadAction","target":["https:\/\/martinezlacuesta.com\/en\/shop\/martinez-lacuesta-family\/martinez-lacuesta\/"]}]},{"@type":"ImageObject","inLanguage":"en-US","@id":"https:\/\/martinezlacuesta.com\/en\/shop\/martinez-lacuesta-family\/martinez-lacuesta\/#primaryimage","url":"https:\/\/martinezlacuesta.com\/wp-content\/uploads\/martinez_lacuesta_cuvee.png","contentUrl":"https:\/\/martinezlacuesta.com\/wp-content\/uploads\/martinez_lacuesta_cuvee.png","width":477,"height":1100,"caption":"Vino tinto Mart\u00ednez Lacuesta Cuv\u00e9e"},{"@type":"BreadcrumbList","@id":"https:\/\/martinezlacuesta.com\/en\/shop\/martinez-lacuesta-family\/martinez-lacuesta\/#breadcrumb","itemListElement":[{"@type":"ListItem","position":1,"name":"Portada","item":"https:\/\/martinezlacuesta.com\/en\/"},{"@type":"ListItem","position":2,"name":"Shop","item":"https:\/\/martinezlacuesta.com\/en\/shop\/"},{"@type":"ListItem","position":3,"name":"Mart\u00ednez Lacuesta Cuv\u00e9e"}]},{"@type":"WebSite","@id":"https:\/\/martinezlacuesta.com\/en\/#website","url":"https:\/\/martinezlacuesta.com\/en\/","name":"https:\/\/martinezlacuesta.com\/","description":"Descubre Bodegas Martinez Lacuesta en Haro, una de las Bodegas Centenarias de La Rioja.","publisher":{"@id":"https:\/\/martinezlacuesta.com\/en\/#organization"},"potentialAction":[{"@type":"SearchAction","target":{"@type":"EntryPoint","urlTemplate":"https:\/\/martinezlacuesta.com\/en\/?s={search_term_string}"},"query-input":{"@type":"PropertyValueSpecification","valueRequired":true,"valueName":"search_term_string"}}],"inLanguage":"en-US"},{"@type":"Organization","@id":"https:\/\/martinezlacuesta.com\/en\/#organization","name":"Bodegas Mart\u00ednez Lacuesta","url":"https:\/\/martinezlacuesta.com\/en\/","logo":{"@type":"ImageObject","inLanguage":"en-US","@id":"https:\/\/martinezlacuesta.com\/en\/#\/schema\/logo\/image\/","url":"https:\/\/martinezlacuesta.com\/wp-content\/uploads\/logo-escudo_Martinez_Lacuesta-color-martinezlacuesta.png","contentUrl":"https:\/\/martinezlacuesta.com\/wp-content\/uploads\/logo-escudo_Martinez_Lacuesta-color-martinezlacuesta.png","width":315,"height":149,"caption":"Bodegas Mart\u00ednez Lacuesta"},"image":{"@id":"https:\/\/martinezlacuesta.com\/en\/#\/schema\/logo\/image\/"},"sameAs":["https:\/\/www.facebook.com\/MartinezLacuesta","https:\/\/x.com\/BodegaLacuesta","https:\/\/www.instagram.com\/bodegasmartinezlacuesta\/","https:\/\/www.youtube.com\/@bodegasmartinezlacuesta6819\/videos","https:\/\/www.linkedin.com\/company\/bodegas-martnez-lacuesta-s.a.\/"]}]}},"_links":{"self":[{"href":"https:\/\/martinezlacuesta.com\/en\/wp-json\/wp\/v2\/product\/1751","targetHints":{"allow":["GET"]}}],"collection":[{"href":"https:\/\/martinezlacuesta.com\/en\/wp-json\/wp\/v2\/product"}],"about":[{"href":"https:\/\/martinezlacuesta.com\/en\/wp-json\/wp\/v2\/types\/product"}],"wp:featuredmedia":[{"embeddable":true,"href":"https:\/\/martinezlacuesta.com\/en\/wp-json\/wp\/v2\/media\/9821"}],"wp:attachment":[{"href":"https:\/\/martinezlacuesta.com\/en\/wp-json\/wp\/v2\/media?parent=1751"}],"wp:term":[{"taxonomy":"product_brand","embeddable":true,"href":"https:\/\/martinezlacuesta.com\/en\/wp-json\/wp\/v2\/product_brand?post=1751"},{"taxonomy":"product_cat","embeddable":true,"href":"https:\/\/martinezlacuesta.com\/en\/wp-json\/wp\/v2\/product_cat?post=1751"},{"taxonomy":"product_tag","embeddable":true,"href":"https:\/\/martinezlacuesta.com\/en\/wp-json\/wp\/v2\/product_tag?post=1751"}],"curies":[{"name":"wp","href":"https:\/\/api.w.org\/{rel}","templated":true}]}}