{"id":6949,"date":"2024-03-18T19:30:43","date_gmt":"2024-03-18T18:30:43","guid":{"rendered":"https:\/\/martinezlacuesta.com\/tienda\/uncategorized\/coleccion-familia\/"},"modified":"2025-11-26T12:59:50","modified_gmt":"2025-11-26T11:59:50","slug":"coleccion-familia","status":"publish","type":"product","link":"https:\/\/martinezlacuesta.com\/en\/shop\/martinez-lacuesta-family\/coleccion-familia\/","title":{"rendered":"Colecci\u00f3n Familia"},"content":{"rendered":"<p><em>A classic combination of Tempranillo, Graciano, and Mazuelo that takes us back to the origins of great Rioja wines. Produced only in the finest vintages, which allow us to bottle exceptional wines. The sublime fusion of delicacy and elegance. Time stands still, enabling us to continue savoring the future.<\/em><\/p>\n<p>&nbsp;<\/p>\n<p><em>*Contains sulphites<\/em><\/p>\n","protected":false},"excerpt":{"rendered":"<p>The eternity of a gem<\/p>\n","protected":false},"featured_media":10199,"template":"","meta":{"_acf_changed":false},"product_brand":[],"product_cat":[62],"product_tag":[],"class_list":{"0":"post-6949","1":"product","2":"type-product","3":"status-publish","4":"has-post-thumbnail","6":"product_cat-martinez-lacuesta-family","8":"first","9":"instock","10":"taxable","11":"shipping-taxable","12":"purchasable","13":"product-type-variable","14":"has-default-attributes"},"booking_location":null,"booking_location_type":null,"booking_duration":null,"booking_duration_unit":null,"booking_buffer":null,"booking_cost":null,"booking_resources":null,"acf":[],"yoast_head":"<!-- This site is optimized with the Yoast SEO plugin v27.2 - https:\/\/yoast.com\/product\/yoast-seo-wordpress\/ -->\n<title>Buy red wine Colecci\u00f3n Familia from Mart\u00ednez La cuesta<\/title>\n<meta name=\"description\" content=\"Discover our red wine Colecci\u00f3n Familia 2011 from Bodegas Mart\u00ednez Lacuesta Rioja wine elaborated with Tempranillo 75%, Graciano 20% and Mazuelo 5%\" \/>\n<meta name=\"robots\" content=\"index, follow, max-snippet:-1, max-image-preview:large, max-video-preview:-1\" \/>\n<link rel=\"canonical\" href=\"https:\/\/martinezlacuesta.com\/en\/shop\/martinez-lacuesta-family\/coleccion-familia\/\" \/>\n<meta property=\"og:locale\" content=\"en_US\" \/>\n<meta property=\"og:type\" content=\"article\" \/>\n<meta property=\"og:title\" content=\"Buy red wine Colecci\u00f3n Familia from Mart\u00ednez La cuesta\" \/>\n<meta property=\"og:description\" content=\"Discover our red wine Colecci\u00f3n Familia 2011 from Bodegas Mart\u00ednez Lacuesta Rioja wine elaborated with Tempranillo 75%, Graciano 20% and Mazuelo 5%\" \/>\n<meta property=\"og:url\" content=\"https:\/\/martinezlacuesta.com\/en\/shop\/martinez-lacuesta-family\/coleccion-familia\/\" \/>\n<meta property=\"og:site_name\" content=\"Bodegas Mart\u00ednez Lacuesta\" \/>\n<meta property=\"article:publisher\" content=\"https:\/\/www.facebook.com\/MartinezLacuesta\" \/>\n<meta property=\"article:modified_time\" content=\"2025-11-26T11:59:50+00:00\" \/>\n<meta property=\"og:image\" content=\"https:\/\/martinezlacuesta.com\/wp-content\/uploads\/familia11-444x1024.png\" \/>\n<meta name=\"twitter:card\" content=\"summary_large_image\" \/>\n<meta name=\"twitter:title\" content=\"Buy red wine Colecci\u00f3n Familia from Mart\u00ednez La cuesta\" \/>\n<meta name=\"twitter:description\" content=\"Discover our red wine Colecci\u00f3n Familia 2011 from Bodegas Mart\u00ednez Lacuesta Rioja wine elaborated with Tempranillo 75%, Graciano 20% and Mazuelo 5%\" \/>\n<meta name=\"twitter:image\" content=\"https:\/\/martinezlacuesta.com\/wp-content\/uploads\/familia11.png\" \/>\n<meta name=\"twitter:site\" content=\"@BodegaLacuesta\" \/>\n<meta name=\"twitter:label1\" content=\"Est. reading time\" \/>\n\t<meta name=\"twitter:data1\" content=\"1 minute\" \/>\n<script type=\"application\/ld+json\" class=\"yoast-schema-graph\">{\"@context\":\"https:\/\/schema.org\",\"@graph\":[{\"@type\":\"WebPage\",\"@id\":\"https:\/\/martinezlacuesta.com\/en\/shop\/martinez-lacuesta-family\/coleccion-familia\/\",\"url\":\"https:\/\/martinezlacuesta.com\/en\/shop\/martinez-lacuesta-family\/coleccion-familia\/\",\"name\":\"Buy red wine Colecci\u00f3n Familia from Mart\u00ednez La cuesta\",\"isPartOf\":{\"@id\":\"https:\/\/martinezlacuesta.com\/en\/#website\"},\"primaryImageOfPage\":{\"@id\":\"https:\/\/martinezlacuesta.com\/en\/shop\/martinez-lacuesta-family\/coleccion-familia\/#primaryimage\"},\"image\":{\"@id\":\"https:\/\/martinezlacuesta.com\/en\/shop\/martinez-lacuesta-family\/coleccion-familia\/#primaryimage\"},\"thumbnailUrl\":\"https:\/\/martinezlacuesta.com\/wp-content\/uploads\/coleccion_familia_malla.png\",\"datePublished\":\"2024-03-18T18:30:43+00:00\",\"dateModified\":\"2025-11-26T11:59:50+00:00\",\"description\":\"Discover our red wine Colecci\u00f3n Familia 2011 from Bodegas Mart\u00ednez Lacuesta Rioja wine elaborated with Tempranillo 75%, Graciano 20% and Mazuelo 5%\",\"breadcrumb\":{\"@id\":\"https:\/\/martinezlacuesta.com\/en\/shop\/martinez-lacuesta-family\/coleccion-familia\/#breadcrumb\"},\"inLanguage\":\"en-US\",\"potentialAction\":[{\"@type\":\"ReadAction\",\"target\":[\"https:\/\/martinezlacuesta.com\/en\/shop\/martinez-lacuesta-family\/coleccion-familia\/\"]}]},{\"@type\":\"ImageObject\",\"inLanguage\":\"en-US\",\"@id\":\"https:\/\/martinezlacuesta.com\/en\/shop\/martinez-lacuesta-family\/coleccion-familia\/#primaryimage\",\"url\":\"https:\/\/martinezlacuesta.com\/wp-content\/uploads\/coleccion_familia_malla.png\",\"contentUrl\":\"https:\/\/martinezlacuesta.com\/wp-content\/uploads\/coleccion_familia_malla.png\",\"width\":477,\"height\":1100,\"caption\":\"Vino tinto Colecci\u00f3n Familia de Bodegas Mart\u00ednez Lacuesta\"},{\"@type\":\"BreadcrumbList\",\"@id\":\"https:\/\/martinezlacuesta.com\/en\/shop\/martinez-lacuesta-family\/coleccion-familia\/#breadcrumb\",\"itemListElement\":[{\"@type\":\"ListItem\",\"position\":1,\"name\":\"Portada\",\"item\":\"https:\/\/martinezlacuesta.com\/en\/\"},{\"@type\":\"ListItem\",\"position\":2,\"name\":\"Shop\",\"item\":\"https:\/\/martinezlacuesta.com\/en\/shop\/\"},{\"@type\":\"ListItem\",\"position\":3,\"name\":\"Colecci\u00f3n Familia\"}]},{\"@type\":\"WebSite\",\"@id\":\"https:\/\/martinezlacuesta.com\/en\/#website\",\"url\":\"https:\/\/martinezlacuesta.com\/en\/\",\"name\":\"https:\/\/martinezlacuesta.com\/\",\"description\":\"Descubre Bodegas Martinez Lacuesta en Haro, una de las Bodegas Centenarias de La Rioja.\",\"publisher\":{\"@id\":\"https:\/\/martinezlacuesta.com\/en\/#organization\"},\"potentialAction\":[{\"@type\":\"SearchAction\",\"target\":{\"@type\":\"EntryPoint\",\"urlTemplate\":\"https:\/\/martinezlacuesta.com\/en\/?s={search_term_string}\"},\"query-input\":{\"@type\":\"PropertyValueSpecification\",\"valueRequired\":true,\"valueName\":\"search_term_string\"}}],\"inLanguage\":\"en-US\"},{\"@type\":\"Organization\",\"@id\":\"https:\/\/martinezlacuesta.com\/en\/#organization\",\"name\":\"Bodegas Mart\u00ednez Lacuesta\",\"url\":\"https:\/\/martinezlacuesta.com\/en\/\",\"logo\":{\"@type\":\"ImageObject\",\"inLanguage\":\"en-US\",\"@id\":\"https:\/\/martinezlacuesta.com\/en\/#\/schema\/logo\/image\/\",\"url\":\"https:\/\/martinezlacuesta.com\/wp-content\/uploads\/logo-escudo_Martinez_Lacuesta-color-martinezlacuesta.png\",\"contentUrl\":\"https:\/\/martinezlacuesta.com\/wp-content\/uploads\/logo-escudo_Martinez_Lacuesta-color-martinezlacuesta.png\",\"width\":315,\"height\":149,\"caption\":\"Bodegas Mart\u00ednez Lacuesta\"},\"image\":{\"@id\":\"https:\/\/martinezlacuesta.com\/en\/#\/schema\/logo\/image\/\"},\"sameAs\":[\"https:\/\/www.facebook.com\/MartinezLacuesta\",\"https:\/\/x.com\/BodegaLacuesta\",\"https:\/\/www.instagram.com\/bodegasmartinezlacuesta\/\",\"https:\/\/www.youtube.com\/@bodegasmartinezlacuesta6819\/videos\",\"https:\/\/www.linkedin.com\/company\/bodegas-martnez-lacuesta-s.a.\/\"]}]}<\/script>\n<!-- \/ Yoast SEO plugin. -->","yoast_head_json":{"title":"Buy red wine Colecci\u00f3n Familia from Mart\u00ednez La cuesta","description":"Discover our red wine Colecci\u00f3n Familia 2011 from Bodegas Mart\u00ednez Lacuesta Rioja wine elaborated with Tempranillo 75%, Graciano 20% and Mazuelo 5%","robots":{"index":"index","follow":"follow","max-snippet":"max-snippet:-1","max-image-preview":"max-image-preview:large","max-video-preview":"max-video-preview:-1"},"canonical":"https:\/\/martinezlacuesta.com\/en\/shop\/martinez-lacuesta-family\/coleccion-familia\/","og_locale":"en_US","og_type":"article","og_title":"Buy red wine Colecci\u00f3n Familia from Mart\u00ednez La cuesta","og_description":"Discover our red wine Colecci\u00f3n Familia 2011 from Bodegas Mart\u00ednez Lacuesta Rioja wine elaborated with Tempranillo 75%, Graciano 20% and Mazuelo 5%","og_url":"https:\/\/martinezlacuesta.com\/en\/shop\/martinez-lacuesta-family\/coleccion-familia\/","og_site_name":"Bodegas Mart\u00ednez Lacuesta","article_publisher":"https:\/\/www.facebook.com\/MartinezLacuesta","article_modified_time":"2025-11-26T11:59:50+00:00","og_image":[{"url":"https:\/\/martinezlacuesta.com\/wp-content\/uploads\/familia11-444x1024.png","type":"","width":"","height":""}],"twitter_card":"summary_large_image","twitter_title":"Buy red wine Colecci\u00f3n Familia from Mart\u00ednez La cuesta","twitter_description":"Discover our red wine Colecci\u00f3n Familia 2011 from Bodegas Mart\u00ednez Lacuesta Rioja wine elaborated with Tempranillo 75%, Graciano 20% and Mazuelo 5%","twitter_image":"https:\/\/martinezlacuesta.com\/wp-content\/uploads\/familia11.png","twitter_site":"@BodegaLacuesta","twitter_misc":{"Est. reading time":"1 minute"},"schema":{"@context":"https:\/\/schema.org","@graph":[{"@type":"WebPage","@id":"https:\/\/martinezlacuesta.com\/en\/shop\/martinez-lacuesta-family\/coleccion-familia\/","url":"https:\/\/martinezlacuesta.com\/en\/shop\/martinez-lacuesta-family\/coleccion-familia\/","name":"Buy red wine Colecci\u00f3n Familia from Mart\u00ednez La cuesta","isPartOf":{"@id":"https:\/\/martinezlacuesta.com\/en\/#website"},"primaryImageOfPage":{"@id":"https:\/\/martinezlacuesta.com\/en\/shop\/martinez-lacuesta-family\/coleccion-familia\/#primaryimage"},"image":{"@id":"https:\/\/martinezlacuesta.com\/en\/shop\/martinez-lacuesta-family\/coleccion-familia\/#primaryimage"},"thumbnailUrl":"https:\/\/martinezlacuesta.com\/wp-content\/uploads\/coleccion_familia_malla.png","datePublished":"2024-03-18T18:30:43+00:00","dateModified":"2025-11-26T11:59:50+00:00","description":"Discover our red wine Colecci\u00f3n Familia 2011 from Bodegas Mart\u00ednez Lacuesta Rioja wine elaborated with Tempranillo 75%, Graciano 20% and Mazuelo 5%","breadcrumb":{"@id":"https:\/\/martinezlacuesta.com\/en\/shop\/martinez-lacuesta-family\/coleccion-familia\/#breadcrumb"},"inLanguage":"en-US","potentialAction":[{"@type":"ReadAction","target":["https:\/\/martinezlacuesta.com\/en\/shop\/martinez-lacuesta-family\/coleccion-familia\/"]}]},{"@type":"ImageObject","inLanguage":"en-US","@id":"https:\/\/martinezlacuesta.com\/en\/shop\/martinez-lacuesta-family\/coleccion-familia\/#primaryimage","url":"https:\/\/martinezlacuesta.com\/wp-content\/uploads\/coleccion_familia_malla.png","contentUrl":"https:\/\/martinezlacuesta.com\/wp-content\/uploads\/coleccion_familia_malla.png","width":477,"height":1100,"caption":"Vino tinto Colecci\u00f3n Familia de Bodegas Mart\u00ednez Lacuesta"},{"@type":"BreadcrumbList","@id":"https:\/\/martinezlacuesta.com\/en\/shop\/martinez-lacuesta-family\/coleccion-familia\/#breadcrumb","itemListElement":[{"@type":"ListItem","position":1,"name":"Portada","item":"https:\/\/martinezlacuesta.com\/en\/"},{"@type":"ListItem","position":2,"name":"Shop","item":"https:\/\/martinezlacuesta.com\/en\/shop\/"},{"@type":"ListItem","position":3,"name":"Colecci\u00f3n Familia"}]},{"@type":"WebSite","@id":"https:\/\/martinezlacuesta.com\/en\/#website","url":"https:\/\/martinezlacuesta.com\/en\/","name":"https:\/\/martinezlacuesta.com\/","description":"Descubre Bodegas Martinez Lacuesta en Haro, una de las Bodegas Centenarias de La Rioja.","publisher":{"@id":"https:\/\/martinezlacuesta.com\/en\/#organization"},"potentialAction":[{"@type":"SearchAction","target":{"@type":"EntryPoint","urlTemplate":"https:\/\/martinezlacuesta.com\/en\/?s={search_term_string}"},"query-input":{"@type":"PropertyValueSpecification","valueRequired":true,"valueName":"search_term_string"}}],"inLanguage":"en-US"},{"@type":"Organization","@id":"https:\/\/martinezlacuesta.com\/en\/#organization","name":"Bodegas Mart\u00ednez Lacuesta","url":"https:\/\/martinezlacuesta.com\/en\/","logo":{"@type":"ImageObject","inLanguage":"en-US","@id":"https:\/\/martinezlacuesta.com\/en\/#\/schema\/logo\/image\/","url":"https:\/\/martinezlacuesta.com\/wp-content\/uploads\/logo-escudo_Martinez_Lacuesta-color-martinezlacuesta.png","contentUrl":"https:\/\/martinezlacuesta.com\/wp-content\/uploads\/logo-escudo_Martinez_Lacuesta-color-martinezlacuesta.png","width":315,"height":149,"caption":"Bodegas Mart\u00ednez Lacuesta"},"image":{"@id":"https:\/\/martinezlacuesta.com\/en\/#\/schema\/logo\/image\/"},"sameAs":["https:\/\/www.facebook.com\/MartinezLacuesta","https:\/\/x.com\/BodegaLacuesta","https:\/\/www.instagram.com\/bodegasmartinezlacuesta\/","https:\/\/www.youtube.com\/@bodegasmartinezlacuesta6819\/videos","https:\/\/www.linkedin.com\/company\/bodegas-martnez-lacuesta-s.a.\/"]}]}},"_links":{"self":[{"href":"https:\/\/martinezlacuesta.com\/en\/wp-json\/wp\/v2\/product\/6949","targetHints":{"allow":["GET"]}}],"collection":[{"href":"https:\/\/martinezlacuesta.com\/en\/wp-json\/wp\/v2\/product"}],"about":[{"href":"https:\/\/martinezlacuesta.com\/en\/wp-json\/wp\/v2\/types\/product"}],"wp:featuredmedia":[{"embeddable":true,"href":"https:\/\/martinezlacuesta.com\/en\/wp-json\/wp\/v2\/media\/10199"}],"wp:attachment":[{"href":"https:\/\/martinezlacuesta.com\/en\/wp-json\/wp\/v2\/media?parent=6949"}],"wp:term":[{"taxonomy":"product_brand","embeddable":true,"href":"https:\/\/martinezlacuesta.com\/en\/wp-json\/wp\/v2\/product_brand?post=6949"},{"taxonomy":"product_cat","embeddable":true,"href":"https:\/\/martinezlacuesta.com\/en\/wp-json\/wp\/v2\/product_cat?post=6949"},{"taxonomy":"product_tag","embeddable":true,"href":"https:\/\/martinezlacuesta.com\/en\/wp-json\/wp\/v2\/product_tag?post=6949"}],"curies":[{"name":"wp","href":"https:\/\/api.w.org\/{rel}","templated":true}]}}